{"id":528,"date":"2022-09-07T07:01:53","date_gmt":"2022-09-07T07:01:53","guid":{"rendered":"http:\/\/tuanminhdecor.com\/?page_id=528"},"modified":"2022-09-08T02:33:13","modified_gmt":"2022-09-08T02:33:13","slug":"lien-he","status":"publish","type":"page","link":"https:\/\/tuanminhdecor.com\/?page_id=528","title":{"rendered":"LI\u00caN H\u1ec6"},"content":{"rendered":"<div class=\"row\"  id=\"row-1865964790\">\n\n\t<div id=\"col-1984763685\" class=\"col small-12 large-12\"  >\n\t\t\t\t<div class=\"col-inner\"  >\n\t\t\t\n\t\t\t\n<div class=\"row\"  id=\"row-483211975\">\n\n\t<div id=\"col-1768985002\" class=\"col medium-6 small-12 large-6\"  >\n\t\t\t\t<div class=\"col-inner\"  >\n\t\t\t\n\t\t\t\n<a class=\"button primary is-outline expand\"  >\n    <span>CTY TNHH KI\u1ebeN TR\u00daC & N\u1ed8I TH\u1ea4T TU\u1ea4N MINH DECOR<\/span>\n  <\/a>\n\n\t\t<\/div>\n\t\t\t\t\t<\/div>\n\n\t\n\n\t<div id=\"col-2096066602\" class=\"col medium-6 small-12 large-6\"  >\n\t\t\t\t<div class=\"col-inner\"  >\n\t\t\t\n\t\t\t\n<a class=\"button secondary expand\"  >\n    <span>\u0110\u1ec2 L\u1ea0I L\u1edcI NH\u1eaeN CHO CH\u00daNG T\u00d4I<\/span>\n  <\/a>\n\n\t\t<\/div>\n\t\t\t\t\t<\/div>\n\n\t\n<\/div>\n<div class=\"row\"  id=\"row-1714581826\">\n\n\t<div id=\"col-1907649506\" class=\"col small-12 large-12\"  >\n\t\t\t\t<div class=\"col-inner\"  >\n\t\t\t\n\t\t\t\n<div class=\"row\"  id=\"row-1551098893\">\n\n\t<div id=\"col-1631863349\" class=\"col medium-6 small-12 large-6\"  >\n\t\t\t\t<div class=\"col-inner\"  >\n\t\t\t\n\t\t\t\n\t<div id=\"text-3281008326\" class=\"text\">\n\t\t\n<p><strong> tuanminhdecor.dn@gmail.com<\/strong><\/p>\n<p><strong> Hotline: <a href=\"tel:\/0947526567\">0947.526 567<\/a><\/strong><\/p>\n<p><strong>Th\u1eddi gian l\u00e0m vi\u1ec7c: t\u1ea5t c\u1ea3 c\u00e1c ng\u00e0y trong tu\u1ea7n\u00a0<\/strong><\/p>\n\t\t\n<style>\n#text-3281008326 {\n  color: rgb(0,0,0);\n}\n#text-3281008326 > * {\n  color: rgb(0,0,0);\n}\n<\/style>\n\t<\/div>\n\t\n<p><img loading=\"lazy\" decoding=\"async\" class=\"alignnone  wp-image-562\" src=\"https:\/\/tuanminhdecor.com\/wp-content\/uploads\/2016\/08\/diachi.webp\" alt=\"\" width=\"27\" height=\"39\" \/><\/p>\n<p><iframe src=\"https:\/\/www.google.com\/maps\/embed?pb=!1m18!1m12!1m3!1d3834.315887242706!2d108.23882381471586!3d16.04908948889336!2m3!1f0!2f0!3f0!3m2!1i1024!2i768!4f13.1!3m3!1m2!1s0x31421763b990c803%3A0xdf6cf574169d81e9!2zNDIgQW4gVGjGsOG7o25nIDIwLCBC4bqvYyBN4bu5IFBow7osIE5nxakgSMOgbmggU8ahbiwgxJDDoCBO4bq1bmcgNTUwMDAwLCBWaeG7h3QgTmFt!5e0!3m2!1svi!2sus!4v1662603441912!5m2!1svi!2sus\" width=\"600\" height=\"450\" style=\"border:0;\" allowfullscreen=\"\" loading=\"lazy\" referrerpolicy=\"no-referrer-when-downgrade\"><\/iframe><\/p>\n\t\t<\/div>\n\t\t\t\t\t<\/div>\n\n\t\n\n\t<div id=\"col-1253704828\" class=\"col medium-6 small-12 large-6\"  >\n\t\t\t\t<div class=\"col-inner\"  >\n\t\t\t\n\t\t\t\n<div role=\"form\" class=\"wpcf7\" id=\"wpcf7-f666-o1\" lang=\"vi\" dir=\"ltr\">\n<div class=\"screen-reader-response\"><p role=\"status\" aria-live=\"polite\" aria-atomic=\"true\"><\/p> <ul><\/ul><\/div>\n<form action=\"\/index.php?rest_route=%2Fwp%2Fv2%2Fpages%2F528#wpcf7-f666-o1\" method=\"post\" class=\"wpcf7-form init\" novalidate=\"novalidate\" data-status=\"init\">\n<div style=\"display: none;\">\n<input type=\"hidden\" name=\"_wpcf7\" value=\"666\" \/>\n<input type=\"hidden\" name=\"_wpcf7_version\" value=\"5.6.3\" \/>\n<input type=\"hidden\" name=\"_wpcf7_locale\" value=\"vi\" \/>\n<input type=\"hidden\" name=\"_wpcf7_unit_tag\" value=\"wpcf7-f666-o1\" \/>\n<input type=\"hidden\" name=\"_wpcf7_container_post\" value=\"0\" \/>\n<input type=\"hidden\" name=\"_wpcf7_posted_data_hash\" value=\"\" \/>\n<\/div>\n<p><span class=\"wpcf7-form-control-wrap\" data-name=\"hovaten\"><input type=\"text\" name=\"hovaten\" value=\"\" size=\"40\" class=\"wpcf7-form-control wpcf7-text\" aria-invalid=\"false\" placeholder=\"H\u1ecd v\u00e0 t\u00ean\" \/><\/span><br \/>\n<span class=\"wpcf7-form-control-wrap\" data-name=\"email\"><input type=\"email\" name=\"email\" value=\"\" size=\"40\" class=\"wpcf7-form-control wpcf7-text wpcf7-email wpcf7-validates-as-email\" aria-invalid=\"false\" placeholder=\"Email\" \/><\/span><br \/>\n<span class=\"wpcf7-form-control-wrap\" data-name=\"dienthoai\"><input type=\"tel\" name=\"dienthoai\" value=\"\" size=\"40\" class=\"wpcf7-form-control wpcf7-text wpcf7-tel wpcf7-validates-as-tel\" aria-invalid=\"false\" placeholder=\"S\u1ed1 \u0111i\u1ec7n tho\u1ea1i\" \/><\/span><br \/>\n<span class=\"wpcf7-form-control-wrap\" data-name=\"noidung\"><textarea name=\"noidung\" cols=\"40\" rows=\"10\" class=\"wpcf7-form-control wpcf7-textarea\" aria-invalid=\"false\" placeholder=\"N\u1ed9i dung\"><\/textarea><\/span><br \/>\n<input type=\"submit\" value=\"\u0110\u0102NG K\u00dd\" class=\"wpcf7-form-control has-spinner wpcf7-submit\" \/><\/p>\n<div class=\"wpcf7-response-output\" aria-hidden=\"true\"><\/div><\/form><\/div>\n\t\t<\/div>\n\t\t\t\t\t<\/div>\n\n\t\n<\/div>\n\t\t<\/div>\n\t\t\t\t\n<style>\n#col-1907649506 > .col-inner {\n  margin: -36px 0px 0px 0px;\n}\n<\/style>\n\t<\/div>\n\n\t\n\n<style>\n#row-1714581826 > .col > .col-inner {\n  background-color: rgb(248, 251, 255);\n}\n<\/style>\n<\/div>\n\t\t<\/div>\n\t\t\t\t\n<style>\n#col-1984763685 > .col-inner {\n  padding: 21px 0px 0px 0px;\n  margin: -30px 0px 0px 0px;\n}\n<\/style>\n\t<\/div>\n\n\t\n\n<style>\n#row-1865964790 > .col > .col-inner {\n  background-color: rgb(244, 249, 255);\n}\n<\/style>\n<\/div>\n","protected":false},"excerpt":{"rendered":"","protected":false},"author":1,"featured_media":0,"parent":0,"menu_order":0,"comment_status":"closed","ping_status":"closed","template":"","meta":{"footnotes":""},"class_list":["post-528","page","type-page","status-publish","hentry"],"yoast_head":"<!-- This site is optimized with the Yoast SEO plugin v19.6.1 - https:\/\/yoast.com\/wordpress\/plugins\/seo\/ -->\n<title>LI\u00caN H\u1ec6 - TU\u1ea4N MINH DECOR<\/title>\n<meta name=\"robots\" content=\"index, follow, max-snippet:-1, max-image-preview:large, max-video-preview:-1\" \/>\n<link rel=\"canonical\" href=\"https:\/\/tuanminhdecor.com\/?page_id=528\" \/>\n<meta property=\"og:locale\" content=\"vi_VN\" \/>\n<meta property=\"og:type\" content=\"article\" \/>\n<meta property=\"og:title\" content=\"LI\u00caN H\u1ec6 - TU\u1ea4N MINH DECOR\" \/>\n<meta property=\"og:url\" content=\"https:\/\/tuanminhdecor.com\/?page_id=528\" \/>\n<meta property=\"og:site_name\" content=\"TU\u1ea4N MINH DECOR\" \/>\n<meta property=\"article:modified_time\" content=\"2022-09-08T02:33:13+00:00\" \/>\n<meta property=\"og:image\" content=\"https:\/\/tuanminhdecor.com\/wp-content\/uploads\/2016\/08\/diachi.webp\" \/>\n<meta name=\"twitter:card\" content=\"summary_large_image\" \/>\n<script type=\"application\/ld+json\" class=\"yoast-schema-graph\">{\"@context\":\"https:\/\/schema.org\",\"@graph\":[{\"@type\":\"WebPage\",\"@id\":\"https:\/\/tuanminhdecor.com\/?page_id=528\",\"url\":\"https:\/\/tuanminhdecor.com\/?page_id=528\",\"name\":\"LI\u00caN H\u1ec6 - TU\u1ea4N MINH DECOR\",\"isPartOf\":{\"@id\":\"https:\/\/tuanminhdecor.com\/#website\"},\"datePublished\":\"2022-09-07T07:01:53+00:00\",\"dateModified\":\"2022-09-08T02:33:13+00:00\",\"breadcrumb\":{\"@id\":\"https:\/\/tuanminhdecor.com\/?page_id=528#breadcrumb\"},\"inLanguage\":\"vi\",\"potentialAction\":[{\"@type\":\"ReadAction\",\"target\":[\"https:\/\/tuanminhdecor.com\/?page_id=528\"]}]},{\"@type\":\"BreadcrumbList\",\"@id\":\"https:\/\/tuanminhdecor.com\/?page_id=528#breadcrumb\",\"itemListElement\":[{\"@type\":\"ListItem\",\"position\":1,\"name\":\"Trang ch\u1ee7\",\"item\":\"https:\/\/tuanminhdecor.com\/\"},{\"@type\":\"ListItem\",\"position\":2,\"name\":\"LI\u00caN H\u1ec6\"}]},{\"@type\":\"WebSite\",\"@id\":\"https:\/\/tuanminhdecor.com\/#website\",\"url\":\"https:\/\/tuanminhdecor.com\/\",\"name\":\"TU\u1ea4N MINH DECOR\",\"description\":\"TU\u1ea4N MINH DECOR KI\u1ebeN T\u1ea0O C\u00d4NG TR\u00ccNH V\u01af\u1ee2T TH\u1edcI GIAN\",\"potentialAction\":[{\"@type\":\"SearchAction\",\"target\":{\"@type\":\"EntryPoint\",\"urlTemplate\":\"https:\/\/tuanminhdecor.com\/?s={search_term_string}\"},\"query-input\":\"required name=search_term_string\"}],\"inLanguage\":\"vi\"}]}<\/script>\n<!-- \/ Yoast SEO plugin. -->","yoast_head_json":{"title":"LI\u00caN H\u1ec6 - TU\u1ea4N MINH DECOR","robots":{"index":"index","follow":"follow","max-snippet":"max-snippet:-1","max-image-preview":"max-image-preview:large","max-video-preview":"max-video-preview:-1"},"canonical":"https:\/\/tuanminhdecor.com\/?page_id=528","og_locale":"vi_VN","og_type":"article","og_title":"LI\u00caN H\u1ec6 - TU\u1ea4N MINH DECOR","og_url":"https:\/\/tuanminhdecor.com\/?page_id=528","og_site_name":"TU\u1ea4N MINH DECOR","article_modified_time":"2022-09-08T02:33:13+00:00","og_image":[{"url":"https:\/\/tuanminhdecor.com\/wp-content\/uploads\/2016\/08\/diachi.webp"}],"twitter_card":"summary_large_image","schema":{"@context":"https:\/\/schema.org","@graph":[{"@type":"WebPage","@id":"https:\/\/tuanminhdecor.com\/?page_id=528","url":"https:\/\/tuanminhdecor.com\/?page_id=528","name":"LI\u00caN H\u1ec6 - TU\u1ea4N MINH DECOR","isPartOf":{"@id":"https:\/\/tuanminhdecor.com\/#website"},"datePublished":"2022-09-07T07:01:53+00:00","dateModified":"2022-09-08T02:33:13+00:00","breadcrumb":{"@id":"https:\/\/tuanminhdecor.com\/?page_id=528#breadcrumb"},"inLanguage":"vi","potentialAction":[{"@type":"ReadAction","target":["https:\/\/tuanminhdecor.com\/?page_id=528"]}]},{"@type":"BreadcrumbList","@id":"https:\/\/tuanminhdecor.com\/?page_id=528#breadcrumb","itemListElement":[{"@type":"ListItem","position":1,"name":"Trang ch\u1ee7","item":"https:\/\/tuanminhdecor.com\/"},{"@type":"ListItem","position":2,"name":"LI\u00caN H\u1ec6"}]},{"@type":"WebSite","@id":"https:\/\/tuanminhdecor.com\/#website","url":"https:\/\/tuanminhdecor.com\/","name":"TU\u1ea4N MINH DECOR","description":"TU\u1ea4N MINH DECOR KI\u1ebeN T\u1ea0O C\u00d4NG TR\u00ccNH V\u01af\u1ee2T TH\u1edcI GIAN","potentialAction":[{"@type":"SearchAction","target":{"@type":"EntryPoint","urlTemplate":"https:\/\/tuanminhdecor.com\/?s={search_term_string}"},"query-input":"required name=search_term_string"}],"inLanguage":"vi"}]}},"_links":{"self":[{"href":"https:\/\/tuanminhdecor.com\/index.php?rest_route=\/wp\/v2\/pages\/528","targetHints":{"allow":["GET"]}}],"collection":[{"href":"https:\/\/tuanminhdecor.com\/index.php?rest_route=\/wp\/v2\/pages"}],"about":[{"href":"https:\/\/tuanminhdecor.com\/index.php?rest_route=\/wp\/v2\/types\/page"}],"author":[{"embeddable":true,"href":"https:\/\/tuanminhdecor.com\/index.php?rest_route=\/wp\/v2\/users\/1"}],"replies":[{"embeddable":true,"href":"https:\/\/tuanminhdecor.com\/index.php?rest_route=%2Fwp%2Fv2%2Fcomments&post=528"}],"version-history":[{"count":18,"href":"https:\/\/tuanminhdecor.com\/index.php?rest_route=\/wp\/v2\/pages\/528\/revisions"}],"predecessor-version":[{"id":667,"href":"https:\/\/tuanminhdecor.com\/index.php?rest_route=\/wp\/v2\/pages\/528\/revisions\/667"}],"wp:attachment":[{"href":"https:\/\/tuanminhdecor.com\/index.php?rest_route=%2Fwp%2Fv2%2Fmedia&parent=528"}],"curies":[{"name":"wp","href":"https:\/\/api.w.org\/{rel}","templated":true}]}}