{"id":1067,"date":"2022-09-08T22:51:24","date_gmt":"2022-09-08T22:51:24","guid":{"rendered":"https:\/\/tuanminhdecor.com\/?post_type=product&#038;p=1067"},"modified":"2022-09-08T22:51:33","modified_gmt":"2022-09-08T22:51:33","slug":"thi-cong-van-phong-bds-pqr","status":"publish","type":"product","link":"https:\/\/tuanminhdecor.com\/?product=thi-cong-van-phong-bds-pqr","title":{"rendered":"Thi c\u00f4ng v\u0103n ph\u00f2ng B\u0110S PQR"},"content":{"rendered":"<p><img loading=\"lazy\" decoding=\"async\" class=\"alignnone size-medium wp-image-1068\" src=\"https:\/\/tuanminhdecor.com\/wp-content\/uploads\/2022\/09\/z3461908707703_af5ca7b16cf5606559fa2771bdce52d7-800x207.jpg\" alt=\"\" width=\"800\" height=\"207\" srcset=\"https:\/\/tuanminhdecor.com\/wp-content\/uploads\/2022\/09\/z3461908707703_af5ca7b16cf5606559fa2771bdce52d7-800x207.jpg 800w, https:\/\/tuanminhdecor.com\/wp-content\/uploads\/2022\/09\/z3461908707703_af5ca7b16cf5606559fa2771bdce52d7-1400x362.jpg 1400w, https:\/\/tuanminhdecor.com\/wp-content\/uploads\/2022\/09\/z3461908707703_af5ca7b16cf5606559fa2771bdce52d7-768x199.jpg 768w, https:\/\/tuanminhdecor.com\/wp-content\/uploads\/2022\/09\/z3461908707703_af5ca7b16cf5606559fa2771bdce52d7-1536x397.jpg 1536w, https:\/\/tuanminhdecor.com\/wp-content\/uploads\/2022\/09\/z3461908707703_af5ca7b16cf5606559fa2771bdce52d7-600x155.jpg 600w, https:\/\/tuanminhdecor.com\/wp-content\/uploads\/2022\/09\/z3461908707703_af5ca7b16cf5606559fa2771bdce52d7.jpg 2046w\" sizes=\"auto, (max-width: 800px) 100vw, 800px\" \/> <img loading=\"lazy\" decoding=\"async\" class=\"alignnone size-medium wp-image-1071\" src=\"https:\/\/tuanminhdecor.com\/wp-content\/uploads\/2022\/09\/z3466988135819_884d6a356843a0db6d5ee7d423553199-787x400.jpg\" alt=\"\" width=\"787\" height=\"400\" srcset=\"https:\/\/tuanminhdecor.com\/wp-content\/uploads\/2022\/09\/z3466988135819_884d6a356843a0db6d5ee7d423553199-787x400.jpg 787w, https:\/\/tuanminhdecor.com\/wp-content\/uploads\/2022\/09\/z3466988135819_884d6a356843a0db6d5ee7d423553199-1400x711.jpg 1400w, https:\/\/tuanminhdecor.com\/wp-content\/uploads\/2022\/09\/z3466988135819_884d6a356843a0db6d5ee7d423553199-768x390.jpg 768w, https:\/\/tuanminhdecor.com\/wp-content\/uploads\/2022\/09\/z3466988135819_884d6a356843a0db6d5ee7d423553199-1536x781.jpg 1536w, https:\/\/tuanminhdecor.com\/wp-content\/uploads\/2022\/09\/z3466988135819_884d6a356843a0db6d5ee7d423553199-2048x1041.jpg 2048w, https:\/\/tuanminhdecor.com\/wp-content\/uploads\/2022\/09\/z3466988135819_884d6a356843a0db6d5ee7d423553199-600x305.jpg 600w\" sizes=\"auto, (max-width: 787px) 100vw, 787px\" \/> <img loading=\"lazy\" decoding=\"async\" class=\"alignnone size-medium wp-image-1069\" src=\"https:\/\/tuanminhdecor.com\/wp-content\/uploads\/2022\/09\/z3484352606208_0a49536a578fd2b59b16ad6478f8e2c5-787x400.jpg\" alt=\"\" width=\"787\" height=\"400\" srcset=\"https:\/\/tuanminhdecor.com\/wp-content\/uploads\/2022\/09\/z3484352606208_0a49536a578fd2b59b16ad6478f8e2c5-787x400.jpg 787w, https:\/\/tuanminhdecor.com\/wp-content\/uploads\/2022\/09\/z3484352606208_0a49536a578fd2b59b16ad6478f8e2c5-1400x712.jpg 1400w, https:\/\/tuanminhdecor.com\/wp-content\/uploads\/2022\/09\/z3484352606208_0a49536a578fd2b59b16ad6478f8e2c5-768x390.jpg 768w, https:\/\/tuanminhdecor.com\/wp-content\/uploads\/2022\/09\/z3484352606208_0a49536a578fd2b59b16ad6478f8e2c5-1536x781.jpg 1536w, https:\/\/tuanminhdecor.com\/wp-content\/uploads\/2022\/09\/z3484352606208_0a49536a578fd2b59b16ad6478f8e2c5-600x305.jpg 600w, https:\/\/tuanminhdecor.com\/wp-content\/uploads\/2022\/09\/z3484352606208_0a49536a578fd2b59b16ad6478f8e2c5.jpg 2046w\" sizes=\"auto, (max-width: 787px) 100vw, 787px\" \/><\/p>\n","protected":false},"excerpt":{"rendered":"","protected":false},"featured_media":1069,"comment_status":"open","ping_status":"closed","template":"","meta":[],"product_cat":[85],"product_tag":[],"class_list":{"0":"post-1067","1":"product","2":"type-product","3":"status-publish","4":"has-post-thumbnail","6":"product_cat-thi-cong-bang-hieu","8":"first","9":"instock","10":"shipping-taxable","11":"product-type-simple"},"yoast_head":"<!-- This site is optimized with the Yoast SEO plugin v19.6.1 - https:\/\/yoast.com\/wordpress\/plugins\/seo\/ -->\n<title>Thi c\u00f4ng v\u0103n ph\u00f2ng B\u0110S PQR - TU\u1ea4N MINH DECOR<\/title>\n<meta name=\"robots\" content=\"index, follow, max-snippet:-1, max-image-preview:large, max-video-preview:-1\" \/>\n<link rel=\"canonical\" href=\"https:\/\/tuanminhdecor.com\/?product=thi-cong-van-phong-bds-pqr\" \/>\n<meta property=\"og:locale\" content=\"vi_VN\" \/>\n<meta property=\"og:type\" content=\"article\" \/>\n<meta property=\"og:title\" content=\"Thi c\u00f4ng v\u0103n ph\u00f2ng B\u0110S PQR - TU\u1ea4N MINH DECOR\" \/>\n<meta property=\"og:url\" content=\"https:\/\/tuanminhdecor.com\/?product=thi-cong-van-phong-bds-pqr\" \/>\n<meta property=\"og:site_name\" content=\"TU\u1ea4N MINH DECOR\" \/>\n<meta property=\"article:modified_time\" content=\"2022-09-08T22:51:33+00:00\" \/>\n<meta property=\"og:image\" content=\"https:\/\/tuanminhdecor.com\/wp-content\/uploads\/2022\/09\/z3484352606208_0a49536a578fd2b59b16ad6478f8e2c5.jpg\" \/>\n\t<meta property=\"og:image:width\" content=\"2046\" \/>\n\t<meta property=\"og:image:height\" content=\"1040\" \/>\n\t<meta property=\"og:image:type\" content=\"image\/jpeg\" \/>\n<meta name=\"twitter:card\" content=\"summary_large_image\" \/>\n<meta name=\"twitter:label1\" content=\"\u01af\u1edbc t\u00ednh th\u1eddi gian \u0111\u1ecdc\" \/>\n\t<meta name=\"twitter:data1\" content=\"1 ph\u00fat\" \/>\n<script type=\"application\/ld+json\" class=\"yoast-schema-graph\">{\"@context\":\"https:\/\/schema.org\",\"@graph\":[{\"@type\":\"WebPage\",\"@id\":\"https:\/\/tuanminhdecor.com\/?product=thi-cong-van-phong-bds-pqr\",\"url\":\"https:\/\/tuanminhdecor.com\/?product=thi-cong-van-phong-bds-pqr\",\"name\":\"Thi c\u00f4ng v\u0103n ph\u00f2ng B\u0110S PQR - TU\u1ea4N MINH DECOR\",\"isPartOf\":{\"@id\":\"https:\/\/tuanminhdecor.com\/#website\"},\"datePublished\":\"2022-09-08T22:51:24+00:00\",\"dateModified\":\"2022-09-08T22:51:33+00:00\",\"breadcrumb\":{\"@id\":\"https:\/\/tuanminhdecor.com\/?product=thi-cong-van-phong-bds-pqr#breadcrumb\"},\"inLanguage\":\"vi\",\"potentialAction\":[{\"@type\":\"ReadAction\",\"target\":[\"https:\/\/tuanminhdecor.com\/?product=thi-cong-van-phong-bds-pqr\"]}]},{\"@type\":\"BreadcrumbList\",\"@id\":\"https:\/\/tuanminhdecor.com\/?product=thi-cong-van-phong-bds-pqr#breadcrumb\",\"itemListElement\":[{\"@type\":\"ListItem\",\"position\":1,\"name\":\"Trang ch\u1ee7\",\"item\":\"https:\/\/tuanminhdecor.com\/\"},{\"@type\":\"ListItem\",\"position\":2,\"name\":\"Shop\",\"item\":\"https:\/\/tuanminhdecor.com\/?page_id=8\"},{\"@type\":\"ListItem\",\"position\":3,\"name\":\"Thi c\u00f4ng v\u0103n ph\u00f2ng B\u0110S PQR\"}]},{\"@type\":\"WebSite\",\"@id\":\"https:\/\/tuanminhdecor.com\/#website\",\"url\":\"https:\/\/tuanminhdecor.com\/\",\"name\":\"TU\u1ea4N MINH DECOR\",\"description\":\"TU\u1ea4N MINH DECOR KI\u1ebeN T\u1ea0O C\u00d4NG TR\u00ccNH V\u01af\u1ee2T TH\u1edcI GIAN\",\"potentialAction\":[{\"@type\":\"SearchAction\",\"target\":{\"@type\":\"EntryPoint\",\"urlTemplate\":\"https:\/\/tuanminhdecor.com\/?s={search_term_string}\"},\"query-input\":\"required name=search_term_string\"}],\"inLanguage\":\"vi\"}]}<\/script>\n<!-- \/ Yoast SEO plugin. -->","yoast_head_json":{"title":"Thi c\u00f4ng v\u0103n ph\u00f2ng B\u0110S PQR - TU\u1ea4N MINH DECOR","robots":{"index":"index","follow":"follow","max-snippet":"max-snippet:-1","max-image-preview":"max-image-preview:large","max-video-preview":"max-video-preview:-1"},"canonical":"https:\/\/tuanminhdecor.com\/?product=thi-cong-van-phong-bds-pqr","og_locale":"vi_VN","og_type":"article","og_title":"Thi c\u00f4ng v\u0103n ph\u00f2ng B\u0110S PQR - TU\u1ea4N MINH DECOR","og_url":"https:\/\/tuanminhdecor.com\/?product=thi-cong-van-phong-bds-pqr","og_site_name":"TU\u1ea4N MINH DECOR","article_modified_time":"2022-09-08T22:51:33+00:00","og_image":[{"width":2046,"height":1040,"url":"https:\/\/tuanminhdecor.com\/wp-content\/uploads\/2022\/09\/z3484352606208_0a49536a578fd2b59b16ad6478f8e2c5.jpg","type":"image\/jpeg"}],"twitter_card":"summary_large_image","twitter_misc":{"\u01af\u1edbc t\u00ednh th\u1eddi gian \u0111\u1ecdc":"1 ph\u00fat"},"schema":{"@context":"https:\/\/schema.org","@graph":[{"@type":"WebPage","@id":"https:\/\/tuanminhdecor.com\/?product=thi-cong-van-phong-bds-pqr","url":"https:\/\/tuanminhdecor.com\/?product=thi-cong-van-phong-bds-pqr","name":"Thi c\u00f4ng v\u0103n ph\u00f2ng B\u0110S PQR - TU\u1ea4N MINH DECOR","isPartOf":{"@id":"https:\/\/tuanminhdecor.com\/#website"},"datePublished":"2022-09-08T22:51:24+00:00","dateModified":"2022-09-08T22:51:33+00:00","breadcrumb":{"@id":"https:\/\/tuanminhdecor.com\/?product=thi-cong-van-phong-bds-pqr#breadcrumb"},"inLanguage":"vi","potentialAction":[{"@type":"ReadAction","target":["https:\/\/tuanminhdecor.com\/?product=thi-cong-van-phong-bds-pqr"]}]},{"@type":"BreadcrumbList","@id":"https:\/\/tuanminhdecor.com\/?product=thi-cong-van-phong-bds-pqr#breadcrumb","itemListElement":[{"@type":"ListItem","position":1,"name":"Trang ch\u1ee7","item":"https:\/\/tuanminhdecor.com\/"},{"@type":"ListItem","position":2,"name":"Shop","item":"https:\/\/tuanminhdecor.com\/?page_id=8"},{"@type":"ListItem","position":3,"name":"Thi c\u00f4ng v\u0103n ph\u00f2ng B\u0110S PQR"}]},{"@type":"WebSite","@id":"https:\/\/tuanminhdecor.com\/#website","url":"https:\/\/tuanminhdecor.com\/","name":"TU\u1ea4N MINH DECOR","description":"TU\u1ea4N MINH DECOR KI\u1ebeN T\u1ea0O C\u00d4NG TR\u00ccNH V\u01af\u1ee2T TH\u1edcI GIAN","potentialAction":[{"@type":"SearchAction","target":{"@type":"EntryPoint","urlTemplate":"https:\/\/tuanminhdecor.com\/?s={search_term_string}"},"query-input":"required name=search_term_string"}],"inLanguage":"vi"}]}},"_links":{"self":[{"href":"https:\/\/tuanminhdecor.com\/index.php?rest_route=\/wp\/v2\/product\/1067","targetHints":{"allow":["GET"]}}],"collection":[{"href":"https:\/\/tuanminhdecor.com\/index.php?rest_route=\/wp\/v2\/product"}],"about":[{"href":"https:\/\/tuanminhdecor.com\/index.php?rest_route=\/wp\/v2\/types\/product"}],"replies":[{"embeddable":true,"href":"https:\/\/tuanminhdecor.com\/index.php?rest_route=%2Fwp%2Fv2%2Fcomments&post=1067"}],"wp:featuredmedia":[{"embeddable":true,"href":"https:\/\/tuanminhdecor.com\/index.php?rest_route=\/wp\/v2\/media\/1069"}],"wp:attachment":[{"href":"https:\/\/tuanminhdecor.com\/index.php?rest_route=%2Fwp%2Fv2%2Fmedia&parent=1067"}],"wp:term":[{"taxonomy":"product_cat","embeddable":true,"href":"https:\/\/tuanminhdecor.com\/index.php?rest_route=%2Fwp%2Fv2%2Fproduct_cat&post=1067"},{"taxonomy":"product_tag","embeddable":true,"href":"https:\/\/tuanminhdecor.com\/index.php?rest_route=%2Fwp%2Fv2%2Fproduct_tag&post=1067"}],"curies":[{"name":"wp","href":"https:\/\/api.w.org\/{rel}","templated":true}]}}