{"id":1457,"date":"2022-09-09T03:29:13","date_gmt":"2022-09-09T03:29:13","guid":{"rendered":"https:\/\/tuanminhdecor.com\/?post_type=product&#038;p=1457"},"modified":"2022-09-09T03:29:13","modified_gmt":"2022-09-09T03:29:13","slug":"dien-may-truong-thuy-thai-nguyen","status":"publish","type":"product","link":"https:\/\/tuanminhdecor.com\/?product=dien-may-truong-thuy-thai-nguyen","title":{"rendered":"\u0110i\u1ec7n m\u00e1y Tr\u01b0\u1eddng Th\u00f9y &#8211; Th\u00e1i Nguy\u00ean"},"content":{"rendered":"<p><img loading=\"lazy\" decoding=\"async\" class=\"alignnone size-medium wp-image-1458\" src=\"https:\/\/tuanminhdecor.com\/wp-content\/uploads\/2022\/09\/z3447669790363_4bfb71a1e9a8b4b3f970ee273649a81c_result-711x400.jpg\" alt=\"\" width=\"711\" height=\"400\" srcset=\"https:\/\/tuanminhdecor.com\/wp-content\/uploads\/2022\/09\/z3447669790363_4bfb71a1e9a8b4b3f970ee273649a81c_result-711x400.jpg 711w, https:\/\/tuanminhdecor.com\/wp-content\/uploads\/2022\/09\/z3447669790363_4bfb71a1e9a8b4b3f970ee273649a81c_result-1400x788.jpg 1400w, https:\/\/tuanminhdecor.com\/wp-content\/uploads\/2022\/09\/z3447669790363_4bfb71a1e9a8b4b3f970ee273649a81c_result-768x432.jpg 768w, https:\/\/tuanminhdecor.com\/wp-content\/uploads\/2022\/09\/z3447669790363_4bfb71a1e9a8b4b3f970ee273649a81c_result-1536x864.jpg 1536w, https:\/\/tuanminhdecor.com\/wp-content\/uploads\/2022\/09\/z3447669790363_4bfb71a1e9a8b4b3f970ee273649a81c_result-600x338.jpg 600w, https:\/\/tuanminhdecor.com\/wp-content\/uploads\/2022\/09\/z3447669790363_4bfb71a1e9a8b4b3f970ee273649a81c_result.jpg 1920w\" sizes=\"auto, (max-width: 711px) 100vw, 711px\" \/> <img loading=\"lazy\" decoding=\"async\" class=\"alignnone size-medium wp-image-1459\" src=\"https:\/\/tuanminhdecor.com\/wp-content\/uploads\/2022\/09\/z3447669810773_42f30c7427eb0a8d5f4bdfcc39e70d2f_result-711x400.jpg\" alt=\"\" width=\"711\" height=\"400\" srcset=\"https:\/\/tuanminhdecor.com\/wp-content\/uploads\/2022\/09\/z3447669810773_42f30c7427eb0a8d5f4bdfcc39e70d2f_result-711x400.jpg 711w, https:\/\/tuanminhdecor.com\/wp-content\/uploads\/2022\/09\/z3447669810773_42f30c7427eb0a8d5f4bdfcc39e70d2f_result-1400x788.jpg 1400w, https:\/\/tuanminhdecor.com\/wp-content\/uploads\/2022\/09\/z3447669810773_42f30c7427eb0a8d5f4bdfcc39e70d2f_result-768x432.jpg 768w, https:\/\/tuanminhdecor.com\/wp-content\/uploads\/2022\/09\/z3447669810773_42f30c7427eb0a8d5f4bdfcc39e70d2f_result-1536x864.jpg 1536w, https:\/\/tuanminhdecor.com\/wp-content\/uploads\/2022\/09\/z3447669810773_42f30c7427eb0a8d5f4bdfcc39e70d2f_result-600x338.jpg 600w, https:\/\/tuanminhdecor.com\/wp-content\/uploads\/2022\/09\/z3447669810773_42f30c7427eb0a8d5f4bdfcc39e70d2f_result.jpg 1920w\" sizes=\"auto, (max-width: 711px) 100vw, 711px\" \/> <img loading=\"lazy\" decoding=\"async\" class=\"alignnone size-medium wp-image-1460\" src=\"https:\/\/tuanminhdecor.com\/wp-content\/uploads\/2022\/09\/z3447669824841_3dcf7bccfaa05e2782a7bb4d717157ac_result-711x400.jpg\" alt=\"\" width=\"711\" height=\"400\" srcset=\"https:\/\/tuanminhdecor.com\/wp-content\/uploads\/2022\/09\/z3447669824841_3dcf7bccfaa05e2782a7bb4d717157ac_result-711x400.jpg 711w, https:\/\/tuanminhdecor.com\/wp-content\/uploads\/2022\/09\/z3447669824841_3dcf7bccfaa05e2782a7bb4d717157ac_result-1400x788.jpg 1400w, https:\/\/tuanminhdecor.com\/wp-content\/uploads\/2022\/09\/z3447669824841_3dcf7bccfaa05e2782a7bb4d717157ac_result-768x432.jpg 768w, https:\/\/tuanminhdecor.com\/wp-content\/uploads\/2022\/09\/z3447669824841_3dcf7bccfaa05e2782a7bb4d717157ac_result-1536x864.jpg 1536w, https:\/\/tuanminhdecor.com\/wp-content\/uploads\/2022\/09\/z3447669824841_3dcf7bccfaa05e2782a7bb4d717157ac_result-600x338.jpg 600w, https:\/\/tuanminhdecor.com\/wp-content\/uploads\/2022\/09\/z3447669824841_3dcf7bccfaa05e2782a7bb4d717157ac_result.jpg 1920w\" sizes=\"auto, (max-width: 711px) 100vw, 711px\" \/> <img loading=\"lazy\" decoding=\"async\" class=\"alignnone size-medium wp-image-1461\" src=\"https:\/\/tuanminhdecor.com\/wp-content\/uploads\/2022\/09\/z3447669837388_84a9a18abe5b1b5870bd477e0bd91c41_result-600x400.jpg\" alt=\"\" width=\"600\" height=\"400\" srcset=\"https:\/\/tuanminhdecor.com\/wp-content\/uploads\/2022\/09\/z3447669837388_84a9a18abe5b1b5870bd477e0bd91c41_result-600x400.jpg 600w, https:\/\/tuanminhdecor.com\/wp-content\/uploads\/2022\/09\/z3447669837388_84a9a18abe5b1b5870bd477e0bd91c41_result-1200x800.jpg 1200w, https:\/\/tuanminhdecor.com\/wp-content\/uploads\/2022\/09\/z3447669837388_84a9a18abe5b1b5870bd477e0bd91c41_result-768x512.jpg 768w, https:\/\/tuanminhdecor.com\/wp-content\/uploads\/2022\/09\/z3447669837388_84a9a18abe5b1b5870bd477e0bd91c41_result-1536x1024.jpg 1536w, https:\/\/tuanminhdecor.com\/wp-content\/uploads\/2022\/09\/z3447669837388_84a9a18abe5b1b5870bd477e0bd91c41_result.jpg 1620w\" sizes=\"auto, (max-width: 600px) 100vw, 600px\" \/> <img loading=\"lazy\" decoding=\"async\" class=\"alignnone size-medium wp-image-1462\" src=\"https:\/\/tuanminhdecor.com\/wp-content\/uploads\/2022\/09\/z3447669863457_c45d385a1706046f0cf66ddd959d8712_result-711x400.jpg\" alt=\"\" width=\"711\" height=\"400\" srcset=\"https:\/\/tuanminhdecor.com\/wp-content\/uploads\/2022\/09\/z3447669863457_c45d385a1706046f0cf66ddd959d8712_result-711x400.jpg 711w, https:\/\/tuanminhdecor.com\/wp-content\/uploads\/2022\/09\/z3447669863457_c45d385a1706046f0cf66ddd959d8712_result-1400x788.jpg 1400w, https:\/\/tuanminhdecor.com\/wp-content\/uploads\/2022\/09\/z3447669863457_c45d385a1706046f0cf66ddd959d8712_result-768x432.jpg 768w, https:\/\/tuanminhdecor.com\/wp-content\/uploads\/2022\/09\/z3447669863457_c45d385a1706046f0cf66ddd959d8712_result-1536x864.jpg 1536w, https:\/\/tuanminhdecor.com\/wp-content\/uploads\/2022\/09\/z3447669863457_c45d385a1706046f0cf66ddd959d8712_result-600x338.jpg 600w, https:\/\/tuanminhdecor.com\/wp-content\/uploads\/2022\/09\/z3447669863457_c45d385a1706046f0cf66ddd959d8712_result.jpg 1920w\" sizes=\"auto, (max-width: 711px) 100vw, 711px\" \/> <img loading=\"lazy\" decoding=\"async\" class=\"alignnone size-medium wp-image-1463\" src=\"https:\/\/tuanminhdecor.com\/wp-content\/uploads\/2022\/09\/z3447669887040_a42e57c74a4bd771f5f148f39f1dcce2_result-711x400.jpg\" alt=\"\" width=\"711\" height=\"400\" srcset=\"https:\/\/tuanminhdecor.com\/wp-content\/uploads\/2022\/09\/z3447669887040_a42e57c74a4bd771f5f148f39f1dcce2_result-711x400.jpg 711w, https:\/\/tuanminhdecor.com\/wp-content\/uploads\/2022\/09\/z3447669887040_a42e57c74a4bd771f5f148f39f1dcce2_result-1400x788.jpg 1400w, https:\/\/tuanminhdecor.com\/wp-content\/uploads\/2022\/09\/z3447669887040_a42e57c74a4bd771f5f148f39f1dcce2_result-768x432.jpg 768w, https:\/\/tuanminhdecor.com\/wp-content\/uploads\/2022\/09\/z3447669887040_a42e57c74a4bd771f5f148f39f1dcce2_result-1536x864.jpg 1536w, https:\/\/tuanminhdecor.com\/wp-content\/uploads\/2022\/09\/z3447669887040_a42e57c74a4bd771f5f148f39f1dcce2_result-600x338.jpg 600w, https:\/\/tuanminhdecor.com\/wp-content\/uploads\/2022\/09\/z3447669887040_a42e57c74a4bd771f5f148f39f1dcce2_result.jpg 1920w\" sizes=\"auto, (max-width: 711px) 100vw, 711px\" \/> <img loading=\"lazy\" decoding=\"async\" class=\"alignnone size-medium wp-image-1464\" src=\"https:\/\/tuanminhdecor.com\/wp-content\/uploads\/2022\/09\/z3447669920407_2242216bd7a70256b2e67c4bdc7f7009_result-711x400.jpg\" alt=\"\" width=\"711\" height=\"400\" srcset=\"https:\/\/tuanminhdecor.com\/wp-content\/uploads\/2022\/09\/z3447669920407_2242216bd7a70256b2e67c4bdc7f7009_result-711x400.jpg 711w, https:\/\/tuanminhdecor.com\/wp-content\/uploads\/2022\/09\/z3447669920407_2242216bd7a70256b2e67c4bdc7f7009_result-1400x788.jpg 1400w, https:\/\/tuanminhdecor.com\/wp-content\/uploads\/2022\/09\/z3447669920407_2242216bd7a70256b2e67c4bdc7f7009_result-768x432.jpg 768w, https:\/\/tuanminhdecor.com\/wp-content\/uploads\/2022\/09\/z3447669920407_2242216bd7a70256b2e67c4bdc7f7009_result-1536x864.jpg 1536w, https:\/\/tuanminhdecor.com\/wp-content\/uploads\/2022\/09\/z3447669920407_2242216bd7a70256b2e67c4bdc7f7009_result-600x338.jpg 600w, https:\/\/tuanminhdecor.com\/wp-content\/uploads\/2022\/09\/z3447669920407_2242216bd7a70256b2e67c4bdc7f7009_result.jpg 1920w\" sizes=\"auto, (max-width: 711px) 100vw, 711px\" \/> <img loading=\"lazy\" decoding=\"async\" class=\"alignnone size-medium wp-image-1465\" src=\"https:\/\/tuanminhdecor.com\/wp-content\/uploads\/2022\/09\/z3447669925498_4795d0c1290fbb1d0b26e245696b18b2_result-711x400.jpg\" alt=\"\" width=\"711\" height=\"400\" srcset=\"https:\/\/tuanminhdecor.com\/wp-content\/uploads\/2022\/09\/z3447669925498_4795d0c1290fbb1d0b26e245696b18b2_result-711x400.jpg 711w, https:\/\/tuanminhdecor.com\/wp-content\/uploads\/2022\/09\/z3447669925498_4795d0c1290fbb1d0b26e245696b18b2_result-1400x788.jpg 1400w, https:\/\/tuanminhdecor.com\/wp-content\/uploads\/2022\/09\/z3447669925498_4795d0c1290fbb1d0b26e245696b18b2_result-768x432.jpg 768w, https:\/\/tuanminhdecor.com\/wp-content\/uploads\/2022\/09\/z3447669925498_4795d0c1290fbb1d0b26e245696b18b2_result-1536x864.jpg 1536w, https:\/\/tuanminhdecor.com\/wp-content\/uploads\/2022\/09\/z3447669925498_4795d0c1290fbb1d0b26e245696b18b2_result-600x338.jpg 600w, https:\/\/tuanminhdecor.com\/wp-content\/uploads\/2022\/09\/z3447669925498_4795d0c1290fbb1d0b26e245696b18b2_result.jpg 1920w\" sizes=\"auto, (max-width: 711px) 100vw, 711px\" \/> <img loading=\"lazy\" decoding=\"async\" class=\"alignnone size-medium wp-image-1466\" src=\"https:\/\/tuanminhdecor.com\/wp-content\/uploads\/2022\/09\/z3447669953525_01fd12c5036ea8d9b10b691264508003_result-711x400.jpg\" alt=\"\" width=\"711\" height=\"400\" srcset=\"https:\/\/tuanminhdecor.com\/wp-content\/uploads\/2022\/09\/z3447669953525_01fd12c5036ea8d9b10b691264508003_result-711x400.jpg 711w, https:\/\/tuanminhdecor.com\/wp-content\/uploads\/2022\/09\/z3447669953525_01fd12c5036ea8d9b10b691264508003_result-1400x788.jpg 1400w, https:\/\/tuanminhdecor.com\/wp-content\/uploads\/2022\/09\/z3447669953525_01fd12c5036ea8d9b10b691264508003_result-768x432.jpg 768w, https:\/\/tuanminhdecor.com\/wp-content\/uploads\/2022\/09\/z3447669953525_01fd12c5036ea8d9b10b691264508003_result-1536x864.jpg 1536w, https:\/\/tuanminhdecor.com\/wp-content\/uploads\/2022\/09\/z3447669953525_01fd12c5036ea8d9b10b691264508003_result-600x338.jpg 600w, https:\/\/tuanminhdecor.com\/wp-content\/uploads\/2022\/09\/z3447669953525_01fd12c5036ea8d9b10b691264508003_result.jpg 1920w\" sizes=\"auto, (max-width: 711px) 100vw, 711px\" \/> <img loading=\"lazy\" decoding=\"async\" class=\"alignnone size-medium wp-image-1467\" src=\"https:\/\/tuanminhdecor.com\/wp-content\/uploads\/2022\/09\/z3447669965557_a0baba666e2e650d4f3e8327b6ac81bb_result-711x400.jpg\" alt=\"\" width=\"711\" height=\"400\" srcset=\"https:\/\/tuanminhdecor.com\/wp-content\/uploads\/2022\/09\/z3447669965557_a0baba666e2e650d4f3e8327b6ac81bb_result-711x400.jpg 711w, https:\/\/tuanminhdecor.com\/wp-content\/uploads\/2022\/09\/z3447669965557_a0baba666e2e650d4f3e8327b6ac81bb_result-1400x788.jpg 1400w, https:\/\/tuanminhdecor.com\/wp-content\/uploads\/2022\/09\/z3447669965557_a0baba666e2e650d4f3e8327b6ac81bb_result-768x432.jpg 768w, https:\/\/tuanminhdecor.com\/wp-content\/uploads\/2022\/09\/z3447669965557_a0baba666e2e650d4f3e8327b6ac81bb_result-1536x864.jpg 1536w, https:\/\/tuanminhdecor.com\/wp-content\/uploads\/2022\/09\/z3447669965557_a0baba666e2e650d4f3e8327b6ac81bb_result-600x338.jpg 600w, https:\/\/tuanminhdecor.com\/wp-content\/uploads\/2022\/09\/z3447669965557_a0baba666e2e650d4f3e8327b6ac81bb_result.jpg 1920w\" sizes=\"auto, (max-width: 711px) 100vw, 711px\" \/> <img loading=\"lazy\" decoding=\"async\" class=\"alignnone size-medium wp-image-1468\" src=\"https:\/\/tuanminhdecor.com\/wp-content\/uploads\/2022\/09\/z3447669976394_ce182735c6ef6c48043178ebddd626e4_result-711x400.jpg\" alt=\"\" width=\"711\" height=\"400\" srcset=\"https:\/\/tuanminhdecor.com\/wp-content\/uploads\/2022\/09\/z3447669976394_ce182735c6ef6c48043178ebddd626e4_result-711x400.jpg 711w, https:\/\/tuanminhdecor.com\/wp-content\/uploads\/2022\/09\/z3447669976394_ce182735c6ef6c48043178ebddd626e4_result-1400x788.jpg 1400w, https:\/\/tuanminhdecor.com\/wp-content\/uploads\/2022\/09\/z3447669976394_ce182735c6ef6c48043178ebddd626e4_result-768x432.jpg 768w, https:\/\/tuanminhdecor.com\/wp-content\/uploads\/2022\/09\/z3447669976394_ce182735c6ef6c48043178ebddd626e4_result-1536x864.jpg 1536w, https:\/\/tuanminhdecor.com\/wp-content\/uploads\/2022\/09\/z3447669976394_ce182735c6ef6c48043178ebddd626e4_result-600x338.jpg 600w, https:\/\/tuanminhdecor.com\/wp-content\/uploads\/2022\/09\/z3447669976394_ce182735c6ef6c48043178ebddd626e4_result.jpg 1920w\" sizes=\"auto, (max-width: 711px) 100vw, 711px\" \/> <img loading=\"lazy\" decoding=\"async\" class=\"alignnone size-medium wp-image-1469\" src=\"https:\/\/tuanminhdecor.com\/wp-content\/uploads\/2022\/09\/z3447670001927_8ae9d1080a789e6be1a82a8a8f2cc28d_result-711x400.jpg\" alt=\"\" width=\"711\" height=\"400\" srcset=\"https:\/\/tuanminhdecor.com\/wp-content\/uploads\/2022\/09\/z3447670001927_8ae9d1080a789e6be1a82a8a8f2cc28d_result-711x400.jpg 711w, https:\/\/tuanminhdecor.com\/wp-content\/uploads\/2022\/09\/z3447670001927_8ae9d1080a789e6be1a82a8a8f2cc28d_result-1400x788.jpg 1400w, https:\/\/tuanminhdecor.com\/wp-content\/uploads\/2022\/09\/z3447670001927_8ae9d1080a789e6be1a82a8a8f2cc28d_result-768x432.jpg 768w, https:\/\/tuanminhdecor.com\/wp-content\/uploads\/2022\/09\/z3447670001927_8ae9d1080a789e6be1a82a8a8f2cc28d_result-1536x864.jpg 1536w, https:\/\/tuanminhdecor.com\/wp-content\/uploads\/2022\/09\/z3447670001927_8ae9d1080a789e6be1a82a8a8f2cc28d_result-600x338.jpg 600w, https:\/\/tuanminhdecor.com\/wp-content\/uploads\/2022\/09\/z3447670001927_8ae9d1080a789e6be1a82a8a8f2cc28d_result.jpg 1920w\" sizes=\"auto, (max-width: 711px) 100vw, 711px\" \/> <img loading=\"lazy\" decoding=\"async\" class=\"alignnone size-medium wp-image-1470\" src=\"https:\/\/tuanminhdecor.com\/wp-content\/uploads\/2022\/09\/z3447670008413_52c1ea5f6932f5d4a76e00d9336cd80b_result-711x400.jpg\" alt=\"\" width=\"711\" height=\"400\" srcset=\"https:\/\/tuanminhdecor.com\/wp-content\/uploads\/2022\/09\/z3447670008413_52c1ea5f6932f5d4a76e00d9336cd80b_result-711x400.jpg 711w, https:\/\/tuanminhdecor.com\/wp-content\/uploads\/2022\/09\/z3447670008413_52c1ea5f6932f5d4a76e00d9336cd80b_result-1400x788.jpg 1400w, https:\/\/tuanminhdecor.com\/wp-content\/uploads\/2022\/09\/z3447670008413_52c1ea5f6932f5d4a76e00d9336cd80b_result-768x432.jpg 768w, https:\/\/tuanminhdecor.com\/wp-content\/uploads\/2022\/09\/z3447670008413_52c1ea5f6932f5d4a76e00d9336cd80b_result-1536x864.jpg 1536w, https:\/\/tuanminhdecor.com\/wp-content\/uploads\/2022\/09\/z3447670008413_52c1ea5f6932f5d4a76e00d9336cd80b_result-600x338.jpg 600w, https:\/\/tuanminhdecor.com\/wp-content\/uploads\/2022\/09\/z3447670008413_52c1ea5f6932f5d4a76e00d9336cd80b_result.jpg 1920w\" sizes=\"auto, (max-width: 711px) 100vw, 711px\" \/> <img loading=\"lazy\" decoding=\"async\" class=\"alignnone size-medium wp-image-1471\" src=\"https:\/\/tuanminhdecor.com\/wp-content\/uploads\/2022\/09\/z3447670029020_eaca6596806382b2e9071eb045656476_result-711x400.jpg\" alt=\"\" width=\"711\" height=\"400\" srcset=\"https:\/\/tuanminhdecor.com\/wp-content\/uploads\/2022\/09\/z3447670029020_eaca6596806382b2e9071eb045656476_result-711x400.jpg 711w, https:\/\/tuanminhdecor.com\/wp-content\/uploads\/2022\/09\/z3447670029020_eaca6596806382b2e9071eb045656476_result-1400x788.jpg 1400w, https:\/\/tuanminhdecor.com\/wp-content\/uploads\/2022\/09\/z3447670029020_eaca6596806382b2e9071eb045656476_result-768x432.jpg 768w, https:\/\/tuanminhdecor.com\/wp-content\/uploads\/2022\/09\/z3447670029020_eaca6596806382b2e9071eb045656476_result-1536x864.jpg 1536w, https:\/\/tuanminhdecor.com\/wp-content\/uploads\/2022\/09\/z3447670029020_eaca6596806382b2e9071eb045656476_result-600x338.jpg 600w, https:\/\/tuanminhdecor.com\/wp-content\/uploads\/2022\/09\/z3447670029020_eaca6596806382b2e9071eb045656476_result.jpg 1920w\" sizes=\"auto, (max-width: 711px) 100vw, 711px\" \/> <img loading=\"lazy\" decoding=\"async\" class=\"alignnone size-medium wp-image-1472\" src=\"https:\/\/tuanminhdecor.com\/wp-content\/uploads\/2022\/09\/z3447239973656_652c28581f8a47c72c1a3689a783d84a_result-237x400.jpg\" alt=\"\" width=\"237\" height=\"400\" srcset=\"https:\/\/tuanminhdecor.com\/wp-content\/uploads\/2022\/09\/z3447239973656_652c28581f8a47c72c1a3689a783d84a_result-237x400.jpg 237w, https:\/\/tuanminhdecor.com\/wp-content\/uploads\/2022\/09\/z3447239973656_652c28581f8a47c72c1a3689a783d84a_result.jpg 428w\" sizes=\"auto, (max-width: 237px) 100vw, 237px\" \/><\/p>\n","protected":false},"excerpt":{"rendered":"","protected":false},"featured_media":1471,"comment_status":"open","ping_status":"closed","template":"","meta":[],"product_cat":[84],"product_tag":[],"class_list":{"0":"post-1457","1":"product","2":"type-product","3":"status-publish","4":"has-post-thumbnail","6":"product_cat-thi-cong-shop-cua-hang","8":"first","9":"instock","10":"shipping-taxable","11":"product-type-simple"},"yoast_head":"<!-- This site is optimized with the Yoast SEO plugin v19.6.1 - https:\/\/yoast.com\/wordpress\/plugins\/seo\/ -->\n<title>\u0110i\u1ec7n m\u00e1y Tr\u01b0\u1eddng Th\u00f9y - Th\u00e1i Nguy\u00ean - TU\u1ea4N MINH DECOR<\/title>\n<meta name=\"robots\" content=\"index, follow, max-snippet:-1, max-image-preview:large, max-video-preview:-1\" \/>\n<link rel=\"canonical\" href=\"https:\/\/tuanminhdecor.com\/?product=dien-may-truong-thuy-thai-nguyen\" \/>\n<meta property=\"og:locale\" content=\"vi_VN\" \/>\n<meta property=\"og:type\" content=\"article\" \/>\n<meta property=\"og:title\" content=\"\u0110i\u1ec7n m\u00e1y Tr\u01b0\u1eddng Th\u00f9y - Th\u00e1i Nguy\u00ean - TU\u1ea4N MINH DECOR\" \/>\n<meta property=\"og:url\" content=\"https:\/\/tuanminhdecor.com\/?product=dien-may-truong-thuy-thai-nguyen\" \/>\n<meta property=\"og:site_name\" content=\"TU\u1ea4N MINH DECOR\" \/>\n<meta property=\"og:image\" content=\"https:\/\/tuanminhdecor.com\/wp-content\/uploads\/2022\/09\/z3447670029020_eaca6596806382b2e9071eb045656476_result.jpg\" \/>\n\t<meta property=\"og:image:width\" content=\"1920\" \/>\n\t<meta property=\"og:image:height\" content=\"1080\" \/>\n\t<meta property=\"og:image:type\" content=\"image\/jpeg\" \/>\n<meta name=\"twitter:card\" content=\"summary_large_image\" \/>\n<meta name=\"twitter:label1\" content=\"\u01af\u1edbc t\u00ednh th\u1eddi gian \u0111\u1ecdc\" \/>\n\t<meta name=\"twitter:data1\" content=\"3 ph\u00fat\" \/>\n<script type=\"application\/ld+json\" class=\"yoast-schema-graph\">{\"@context\":\"https:\/\/schema.org\",\"@graph\":[{\"@type\":\"WebPage\",\"@id\":\"https:\/\/tuanminhdecor.com\/?product=dien-may-truong-thuy-thai-nguyen\",\"url\":\"https:\/\/tuanminhdecor.com\/?product=dien-may-truong-thuy-thai-nguyen\",\"name\":\"\u0110i\u1ec7n m\u00e1y Tr\u01b0\u1eddng Th\u00f9y - Th\u00e1i Nguy\u00ean - TU\u1ea4N MINH DECOR\",\"isPartOf\":{\"@id\":\"https:\/\/tuanminhdecor.com\/#website\"},\"datePublished\":\"2022-09-09T03:29:13+00:00\",\"dateModified\":\"2022-09-09T03:29:13+00:00\",\"breadcrumb\":{\"@id\":\"https:\/\/tuanminhdecor.com\/?product=dien-may-truong-thuy-thai-nguyen#breadcrumb\"},\"inLanguage\":\"vi\",\"potentialAction\":[{\"@type\":\"ReadAction\",\"target\":[\"https:\/\/tuanminhdecor.com\/?product=dien-may-truong-thuy-thai-nguyen\"]}]},{\"@type\":\"BreadcrumbList\",\"@id\":\"https:\/\/tuanminhdecor.com\/?product=dien-may-truong-thuy-thai-nguyen#breadcrumb\",\"itemListElement\":[{\"@type\":\"ListItem\",\"position\":1,\"name\":\"Trang ch\u1ee7\",\"item\":\"https:\/\/tuanminhdecor.com\/\"},{\"@type\":\"ListItem\",\"position\":2,\"name\":\"Shop\",\"item\":\"https:\/\/tuanminhdecor.com\/?page_id=8\"},{\"@type\":\"ListItem\",\"position\":3,\"name\":\"\u0110i\u1ec7n m\u00e1y Tr\u01b0\u1eddng Th\u00f9y &#8211; Th\u00e1i Nguy\u00ean\"}]},{\"@type\":\"WebSite\",\"@id\":\"https:\/\/tuanminhdecor.com\/#website\",\"url\":\"https:\/\/tuanminhdecor.com\/\",\"name\":\"TU\u1ea4N MINH DECOR\",\"description\":\"TU\u1ea4N MINH DECOR KI\u1ebeN T\u1ea0O C\u00d4NG TR\u00ccNH V\u01af\u1ee2T TH\u1edcI GIAN\",\"potentialAction\":[{\"@type\":\"SearchAction\",\"target\":{\"@type\":\"EntryPoint\",\"urlTemplate\":\"https:\/\/tuanminhdecor.com\/?s={search_term_string}\"},\"query-input\":\"required name=search_term_string\"}],\"inLanguage\":\"vi\"}]}<\/script>\n<!-- \/ Yoast SEO plugin. -->","yoast_head_json":{"title":"\u0110i\u1ec7n m\u00e1y Tr\u01b0\u1eddng Th\u00f9y - Th\u00e1i Nguy\u00ean - TU\u1ea4N MINH DECOR","robots":{"index":"index","follow":"follow","max-snippet":"max-snippet:-1","max-image-preview":"max-image-preview:large","max-video-preview":"max-video-preview:-1"},"canonical":"https:\/\/tuanminhdecor.com\/?product=dien-may-truong-thuy-thai-nguyen","og_locale":"vi_VN","og_type":"article","og_title":"\u0110i\u1ec7n m\u00e1y Tr\u01b0\u1eddng Th\u00f9y - Th\u00e1i Nguy\u00ean - TU\u1ea4N MINH DECOR","og_url":"https:\/\/tuanminhdecor.com\/?product=dien-may-truong-thuy-thai-nguyen","og_site_name":"TU\u1ea4N MINH DECOR","og_image":[{"width":1920,"height":1080,"url":"https:\/\/tuanminhdecor.com\/wp-content\/uploads\/2022\/09\/z3447670029020_eaca6596806382b2e9071eb045656476_result.jpg","type":"image\/jpeg"}],"twitter_card":"summary_large_image","twitter_misc":{"\u01af\u1edbc t\u00ednh th\u1eddi gian \u0111\u1ecdc":"3 ph\u00fat"},"schema":{"@context":"https:\/\/schema.org","@graph":[{"@type":"WebPage","@id":"https:\/\/tuanminhdecor.com\/?product=dien-may-truong-thuy-thai-nguyen","url":"https:\/\/tuanminhdecor.com\/?product=dien-may-truong-thuy-thai-nguyen","name":"\u0110i\u1ec7n m\u00e1y Tr\u01b0\u1eddng Th\u00f9y - Th\u00e1i Nguy\u00ean - TU\u1ea4N MINH DECOR","isPartOf":{"@id":"https:\/\/tuanminhdecor.com\/#website"},"datePublished":"2022-09-09T03:29:13+00:00","dateModified":"2022-09-09T03:29:13+00:00","breadcrumb":{"@id":"https:\/\/tuanminhdecor.com\/?product=dien-may-truong-thuy-thai-nguyen#breadcrumb"},"inLanguage":"vi","potentialAction":[{"@type":"ReadAction","target":["https:\/\/tuanminhdecor.com\/?product=dien-may-truong-thuy-thai-nguyen"]}]},{"@type":"BreadcrumbList","@id":"https:\/\/tuanminhdecor.com\/?product=dien-may-truong-thuy-thai-nguyen#breadcrumb","itemListElement":[{"@type":"ListItem","position":1,"name":"Trang ch\u1ee7","item":"https:\/\/tuanminhdecor.com\/"},{"@type":"ListItem","position":2,"name":"Shop","item":"https:\/\/tuanminhdecor.com\/?page_id=8"},{"@type":"ListItem","position":3,"name":"\u0110i\u1ec7n m\u00e1y Tr\u01b0\u1eddng Th\u00f9y &#8211; Th\u00e1i Nguy\u00ean"}]},{"@type":"WebSite","@id":"https:\/\/tuanminhdecor.com\/#website","url":"https:\/\/tuanminhdecor.com\/","name":"TU\u1ea4N MINH DECOR","description":"TU\u1ea4N MINH DECOR KI\u1ebeN T\u1ea0O C\u00d4NG TR\u00ccNH V\u01af\u1ee2T TH\u1edcI GIAN","potentialAction":[{"@type":"SearchAction","target":{"@type":"EntryPoint","urlTemplate":"https:\/\/tuanminhdecor.com\/?s={search_term_string}"},"query-input":"required name=search_term_string"}],"inLanguage":"vi"}]}},"_links":{"self":[{"href":"https:\/\/tuanminhdecor.com\/index.php?rest_route=\/wp\/v2\/product\/1457","targetHints":{"allow":["GET"]}}],"collection":[{"href":"https:\/\/tuanminhdecor.com\/index.php?rest_route=\/wp\/v2\/product"}],"about":[{"href":"https:\/\/tuanminhdecor.com\/index.php?rest_route=\/wp\/v2\/types\/product"}],"replies":[{"embeddable":true,"href":"https:\/\/tuanminhdecor.com\/index.php?rest_route=%2Fwp%2Fv2%2Fcomments&post=1457"}],"wp:featuredmedia":[{"embeddable":true,"href":"https:\/\/tuanminhdecor.com\/index.php?rest_route=\/wp\/v2\/media\/1471"}],"wp:attachment":[{"href":"https:\/\/tuanminhdecor.com\/index.php?rest_route=%2Fwp%2Fv2%2Fmedia&parent=1457"}],"wp:term":[{"taxonomy":"product_cat","embeddable":true,"href":"https:\/\/tuanminhdecor.com\/index.php?rest_route=%2Fwp%2Fv2%2Fproduct_cat&post=1457"},{"taxonomy":"product_tag","embeddable":true,"href":"https:\/\/tuanminhdecor.com\/index.php?rest_route=%2Fwp%2Fv2%2Fproduct_tag&post=1457"}],"curies":[{"name":"wp","href":"https:\/\/api.w.org\/{rel}","templated":true}]}}