{"id":2133,"date":"2022-09-14T04:44:11","date_gmt":"2022-09-14T04:44:11","guid":{"rendered":"https:\/\/tuanminhdecor.com\/?post_type=product&#038;p=2133"},"modified":"2022-09-20T08:55:59","modified_gmt":"2022-09-20T08:55:59","slug":"quan-bar-200m2-sai-gon","status":"publish","type":"product","link":"https:\/\/tuanminhdecor.com\/?product=quan-bar-200m2-sai-gon","title":{"rendered":"Qu\u00e1n bar 200m2 &#8211; S\u00e0i G\u00f2n"},"content":{"rendered":"<p><img loading=\"lazy\" decoding=\"async\" class=\"alignnone size-medium wp-image-2287\" src=\"https:\/\/tuanminhdecor.com\/wp-content\/uploads\/2022\/09\/file-Lu_Scene-2.effectsResult_result-711x400.jpg\" alt=\"\" width=\"711\" height=\"400\" srcset=\"https:\/\/tuanminhdecor.com\/wp-content\/uploads\/2022\/09\/file-Lu_Scene-2.effectsResult_result-711x400.jpg 711w, https:\/\/tuanminhdecor.com\/wp-content\/uploads\/2022\/09\/file-Lu_Scene-2.effectsResult_result-1400x788.jpg 1400w, https:\/\/tuanminhdecor.com\/wp-content\/uploads\/2022\/09\/file-Lu_Scene-2.effectsResult_result-768x432.jpg 768w, https:\/\/tuanminhdecor.com\/wp-content\/uploads\/2022\/09\/file-Lu_Scene-2.effectsResult_result-1536x864.jpg 1536w, https:\/\/tuanminhdecor.com\/wp-content\/uploads\/2022\/09\/file-Lu_Scene-2.effectsResult_result-2048x1152.jpg 2048w, https:\/\/tuanminhdecor.com\/wp-content\/uploads\/2022\/09\/file-Lu_Scene-2.effectsResult_result-600x338.jpg 600w\" sizes=\"auto, (max-width: 711px) 100vw, 711px\" \/> <img loading=\"lazy\" decoding=\"async\" class=\"alignnone size-medium wp-image-2288\" src=\"https:\/\/tuanminhdecor.com\/wp-content\/uploads\/2022\/09\/file-Lu_Scene-3.effectsResult_result-711x400.jpg\" alt=\"\" width=\"711\" height=\"400\" srcset=\"https:\/\/tuanminhdecor.com\/wp-content\/uploads\/2022\/09\/file-Lu_Scene-3.effectsResult_result-711x400.jpg 711w, https:\/\/tuanminhdecor.com\/wp-content\/uploads\/2022\/09\/file-Lu_Scene-3.effectsResult_result-1400x788.jpg 1400w, https:\/\/tuanminhdecor.com\/wp-content\/uploads\/2022\/09\/file-Lu_Scene-3.effectsResult_result-768x432.jpg 768w, https:\/\/tuanminhdecor.com\/wp-content\/uploads\/2022\/09\/file-Lu_Scene-3.effectsResult_result-1536x864.jpg 1536w, https:\/\/tuanminhdecor.com\/wp-content\/uploads\/2022\/09\/file-Lu_Scene-3.effectsResult_result-2048x1152.jpg 2048w, https:\/\/tuanminhdecor.com\/wp-content\/uploads\/2022\/09\/file-Lu_Scene-3.effectsResult_result-600x338.jpg 600w\" sizes=\"auto, (max-width: 711px) 100vw, 711px\" \/> <img loading=\"lazy\" decoding=\"async\" class=\"alignnone size-medium wp-image-2289\" src=\"https:\/\/tuanminhdecor.com\/wp-content\/uploads\/2022\/09\/file-Lu_Scene-4.effectsResult_result-711x400.jpg\" alt=\"\" width=\"711\" height=\"400\" srcset=\"https:\/\/tuanminhdecor.com\/wp-content\/uploads\/2022\/09\/file-Lu_Scene-4.effectsResult_result-711x400.jpg 711w, https:\/\/tuanminhdecor.com\/wp-content\/uploads\/2022\/09\/file-Lu_Scene-4.effectsResult_result-1400x788.jpg 1400w, https:\/\/tuanminhdecor.com\/wp-content\/uploads\/2022\/09\/file-Lu_Scene-4.effectsResult_result-768x432.jpg 768w, https:\/\/tuanminhdecor.com\/wp-content\/uploads\/2022\/09\/file-Lu_Scene-4.effectsResult_result-1536x864.jpg 1536w, https:\/\/tuanminhdecor.com\/wp-content\/uploads\/2022\/09\/file-Lu_Scene-4.effectsResult_result-2048x1152.jpg 2048w, https:\/\/tuanminhdecor.com\/wp-content\/uploads\/2022\/09\/file-Lu_Scene-4.effectsResult_result-600x338.jpg 600w\" sizes=\"auto, (max-width: 711px) 100vw, 711px\" \/> <img loading=\"lazy\" decoding=\"async\" class=\"alignnone size-medium wp-image-2290\" src=\"https:\/\/tuanminhdecor.com\/wp-content\/uploads\/2022\/09\/file-Lu_Scene-5.effectsResult_result-711x400.jpg\" alt=\"\" width=\"711\" height=\"400\" srcset=\"https:\/\/tuanminhdecor.com\/wp-content\/uploads\/2022\/09\/file-Lu_Scene-5.effectsResult_result-711x400.jpg 711w, https:\/\/tuanminhdecor.com\/wp-content\/uploads\/2022\/09\/file-Lu_Scene-5.effectsResult_result-1400x788.jpg 1400w, https:\/\/tuanminhdecor.com\/wp-content\/uploads\/2022\/09\/file-Lu_Scene-5.effectsResult_result-768x432.jpg 768w, https:\/\/tuanminhdecor.com\/wp-content\/uploads\/2022\/09\/file-Lu_Scene-5.effectsResult_result-1536x864.jpg 1536w, https:\/\/tuanminhdecor.com\/wp-content\/uploads\/2022\/09\/file-Lu_Scene-5.effectsResult_result-2048x1152.jpg 2048w, https:\/\/tuanminhdecor.com\/wp-content\/uploads\/2022\/09\/file-Lu_Scene-5.effectsResult_result-600x338.jpg 600w\" sizes=\"auto, (max-width: 711px) 100vw, 711px\" \/> <img loading=\"lazy\" decoding=\"async\" class=\"alignnone size-medium wp-image-2292\" src=\"https:\/\/tuanminhdecor.com\/wp-content\/uploads\/2022\/09\/file-Lu_Scene-6.effectsResult_result-711x400.jpg\" alt=\"\" width=\"711\" height=\"400\" srcset=\"https:\/\/tuanminhdecor.com\/wp-content\/uploads\/2022\/09\/file-Lu_Scene-6.effectsResult_result-711x400.jpg 711w, https:\/\/tuanminhdecor.com\/wp-content\/uploads\/2022\/09\/file-Lu_Scene-6.effectsResult_result-1400x788.jpg 1400w, https:\/\/tuanminhdecor.com\/wp-content\/uploads\/2022\/09\/file-Lu_Scene-6.effectsResult_result-768x432.jpg 768w, https:\/\/tuanminhdecor.com\/wp-content\/uploads\/2022\/09\/file-Lu_Scene-6.effectsResult_result-1536x864.jpg 1536w, https:\/\/tuanminhdecor.com\/wp-content\/uploads\/2022\/09\/file-Lu_Scene-6.effectsResult_result-2048x1152.jpg 2048w, https:\/\/tuanminhdecor.com\/wp-content\/uploads\/2022\/09\/file-Lu_Scene-6.effectsResult_result-600x338.jpg 600w\" sizes=\"auto, (max-width: 711px) 100vw, 711px\" \/> <img loading=\"lazy\" decoding=\"async\" class=\"alignnone size-medium wp-image-2293\" src=\"https:\/\/tuanminhdecor.com\/wp-content\/uploads\/2022\/09\/file-Lu_Scene-7.effectsResult_result-711x400.jpg\" alt=\"\" width=\"711\" height=\"400\" srcset=\"https:\/\/tuanminhdecor.com\/wp-content\/uploads\/2022\/09\/file-Lu_Scene-7.effectsResult_result-711x400.jpg 711w, https:\/\/tuanminhdecor.com\/wp-content\/uploads\/2022\/09\/file-Lu_Scene-7.effectsResult_result-1400x788.jpg 1400w, https:\/\/tuanminhdecor.com\/wp-content\/uploads\/2022\/09\/file-Lu_Scene-7.effectsResult_result-768x432.jpg 768w, https:\/\/tuanminhdecor.com\/wp-content\/uploads\/2022\/09\/file-Lu_Scene-7.effectsResult_result-1536x864.jpg 1536w, https:\/\/tuanminhdecor.com\/wp-content\/uploads\/2022\/09\/file-Lu_Scene-7.effectsResult_result-2048x1152.jpg 2048w, https:\/\/tuanminhdecor.com\/wp-content\/uploads\/2022\/09\/file-Lu_Scene-7.effectsResult_result-600x338.jpg 600w\" sizes=\"auto, (max-width: 711px) 100vw, 711px\" \/> <img loading=\"lazy\" decoding=\"async\" class=\"alignnone size-medium wp-image-2294\" src=\"https:\/\/tuanminhdecor.com\/wp-content\/uploads\/2022\/09\/file-Lu_Scene-8.effectsResult_result-711x400.jpg\" alt=\"\" width=\"711\" height=\"400\" srcset=\"https:\/\/tuanminhdecor.com\/wp-content\/uploads\/2022\/09\/file-Lu_Scene-8.effectsResult_result-711x400.jpg 711w, https:\/\/tuanminhdecor.com\/wp-content\/uploads\/2022\/09\/file-Lu_Scene-8.effectsResult_result-1400x788.jpg 1400w, https:\/\/tuanminhdecor.com\/wp-content\/uploads\/2022\/09\/file-Lu_Scene-8.effectsResult_result-768x432.jpg 768w, https:\/\/tuanminhdecor.com\/wp-content\/uploads\/2022\/09\/file-Lu_Scene-8.effectsResult_result-1536x864.jpg 1536w, https:\/\/tuanminhdecor.com\/wp-content\/uploads\/2022\/09\/file-Lu_Scene-8.effectsResult_result-2048x1152.jpg 2048w, https:\/\/tuanminhdecor.com\/wp-content\/uploads\/2022\/09\/file-Lu_Scene-8.effectsResult_result-600x338.jpg 600w\" sizes=\"auto, (max-width: 711px) 100vw, 711px\" \/> <img loading=\"lazy\" decoding=\"async\" class=\"alignnone size-medium wp-image-2295\" src=\"https:\/\/tuanminhdecor.com\/wp-content\/uploads\/2022\/09\/file-Lu_Scene-9.effectsResult_result-711x400.jpg\" alt=\"\" width=\"711\" height=\"400\" srcset=\"https:\/\/tuanminhdecor.com\/wp-content\/uploads\/2022\/09\/file-Lu_Scene-9.effectsResult_result-711x400.jpg 711w, https:\/\/tuanminhdecor.com\/wp-content\/uploads\/2022\/09\/file-Lu_Scene-9.effectsResult_result-1400x788.jpg 1400w, https:\/\/tuanminhdecor.com\/wp-content\/uploads\/2022\/09\/file-Lu_Scene-9.effectsResult_result-768x432.jpg 768w, https:\/\/tuanminhdecor.com\/wp-content\/uploads\/2022\/09\/file-Lu_Scene-9.effectsResult_result-1536x864.jpg 1536w, https:\/\/tuanminhdecor.com\/wp-content\/uploads\/2022\/09\/file-Lu_Scene-9.effectsResult_result-2048x1152.jpg 2048w, https:\/\/tuanminhdecor.com\/wp-content\/uploads\/2022\/09\/file-Lu_Scene-9.effectsResult_result-600x338.jpg 600w\" sizes=\"auto, (max-width: 711px) 100vw, 711px\" \/> <img loading=\"lazy\" decoding=\"async\" class=\"alignnone size-medium wp-image-2296\" src=\"https:\/\/tuanminhdecor.com\/wp-content\/uploads\/2022\/09\/file-Lu_Scene-10.effectsResult_result-711x400.jpg\" alt=\"\" width=\"711\" height=\"400\" srcset=\"https:\/\/tuanminhdecor.com\/wp-content\/uploads\/2022\/09\/file-Lu_Scene-10.effectsResult_result-711x400.jpg 711w, https:\/\/tuanminhdecor.com\/wp-content\/uploads\/2022\/09\/file-Lu_Scene-10.effectsResult_result-1400x788.jpg 1400w, https:\/\/tuanminhdecor.com\/wp-content\/uploads\/2022\/09\/file-Lu_Scene-10.effectsResult_result-768x432.jpg 768w, https:\/\/tuanminhdecor.com\/wp-content\/uploads\/2022\/09\/file-Lu_Scene-10.effectsResult_result-1536x864.jpg 1536w, https:\/\/tuanminhdecor.com\/wp-content\/uploads\/2022\/09\/file-Lu_Scene-10.effectsResult_result-2048x1152.jpg 2048w, https:\/\/tuanminhdecor.com\/wp-content\/uploads\/2022\/09\/file-Lu_Scene-10.effectsResult_result-600x338.jpg 600w\" sizes=\"auto, (max-width: 711px) 100vw, 711px\" \/> <img loading=\"lazy\" decoding=\"async\" class=\"alignnone size-medium wp-image-2297\" src=\"https:\/\/tuanminhdecor.com\/wp-content\/uploads\/2022\/09\/file-Lu_Scene-11.effectsResult_result-711x400.jpg\" alt=\"\" width=\"711\" height=\"400\" srcset=\"https:\/\/tuanminhdecor.com\/wp-content\/uploads\/2022\/09\/file-Lu_Scene-11.effectsResult_result-711x400.jpg 711w, https:\/\/tuanminhdecor.com\/wp-content\/uploads\/2022\/09\/file-Lu_Scene-11.effectsResult_result-1400x788.jpg 1400w, https:\/\/tuanminhdecor.com\/wp-content\/uploads\/2022\/09\/file-Lu_Scene-11.effectsResult_result-768x432.jpg 768w, https:\/\/tuanminhdecor.com\/wp-content\/uploads\/2022\/09\/file-Lu_Scene-11.effectsResult_result-1536x864.jpg 1536w, https:\/\/tuanminhdecor.com\/wp-content\/uploads\/2022\/09\/file-Lu_Scene-11.effectsResult_result-2048x1152.jpg 2048w, https:\/\/tuanminhdecor.com\/wp-content\/uploads\/2022\/09\/file-Lu_Scene-11.effectsResult_result-600x338.jpg 600w\" sizes=\"auto, (max-width: 711px) 100vw, 711px\" \/> <img loading=\"lazy\" decoding=\"async\" class=\"alignnone size-medium wp-image-2298\" src=\"https:\/\/tuanminhdecor.com\/wp-content\/uploads\/2022\/09\/file-Lu_Scene-12.effectsResult_result-711x400.jpg\" alt=\"\" width=\"711\" height=\"400\" srcset=\"https:\/\/tuanminhdecor.com\/wp-content\/uploads\/2022\/09\/file-Lu_Scene-12.effectsResult_result-711x400.jpg 711w, https:\/\/tuanminhdecor.com\/wp-content\/uploads\/2022\/09\/file-Lu_Scene-12.effectsResult_result-1400x788.jpg 1400w, https:\/\/tuanminhdecor.com\/wp-content\/uploads\/2022\/09\/file-Lu_Scene-12.effectsResult_result-768x432.jpg 768w, https:\/\/tuanminhdecor.com\/wp-content\/uploads\/2022\/09\/file-Lu_Scene-12.effectsResult_result-1536x864.jpg 1536w, https:\/\/tuanminhdecor.com\/wp-content\/uploads\/2022\/09\/file-Lu_Scene-12.effectsResult_result-2048x1152.jpg 2048w, https:\/\/tuanminhdecor.com\/wp-content\/uploads\/2022\/09\/file-Lu_Scene-12.effectsResult_result-600x338.jpg 600w\" sizes=\"auto, (max-width: 711px) 100vw, 711px\" \/> <img loading=\"lazy\" decoding=\"async\" class=\"alignnone size-medium wp-image-2299\" src=\"https:\/\/tuanminhdecor.com\/wp-content\/uploads\/2022\/09\/file-Lu_Scene-13.effectsResult_result-711x400.jpg\" alt=\"\" width=\"711\" height=\"400\" srcset=\"https:\/\/tuanminhdecor.com\/wp-content\/uploads\/2022\/09\/file-Lu_Scene-13.effectsResult_result-711x400.jpg 711w, https:\/\/tuanminhdecor.com\/wp-content\/uploads\/2022\/09\/file-Lu_Scene-13.effectsResult_result-1400x788.jpg 1400w, https:\/\/tuanminhdecor.com\/wp-content\/uploads\/2022\/09\/file-Lu_Scene-13.effectsResult_result-768x432.jpg 768w, https:\/\/tuanminhdecor.com\/wp-content\/uploads\/2022\/09\/file-Lu_Scene-13.effectsResult_result-1536x864.jpg 1536w, https:\/\/tuanminhdecor.com\/wp-content\/uploads\/2022\/09\/file-Lu_Scene-13.effectsResult_result-2048x1152.jpg 2048w, https:\/\/tuanminhdecor.com\/wp-content\/uploads\/2022\/09\/file-Lu_Scene-13.effectsResult_result-600x338.jpg 600w\" sizes=\"auto, (max-width: 711px) 100vw, 711px\" \/><\/p>\n","protected":false},"excerpt":{"rendered":"","protected":false},"featured_media":2287,"comment_status":"open","ping_status":"closed","template":"","meta":[],"product_cat":[75],"product_tag":[],"class_list":{"0":"post-2133","1":"product","2":"type-product","3":"status-publish","4":"has-post-thumbnail","6":"product_cat-thiet-ke-bar-pub-lounge","8":"first","9":"instock","10":"shipping-taxable","11":"product-type-simple"},"yoast_head":"<!-- This site is optimized with the Yoast SEO plugin v19.6.1 - https:\/\/yoast.com\/wordpress\/plugins\/seo\/ -->\n<title>Qu\u00e1n bar 200m2 - S\u00e0i G\u00f2n - TU\u1ea4N MINH DECOR<\/title>\n<meta name=\"robots\" content=\"index, follow, max-snippet:-1, max-image-preview:large, max-video-preview:-1\" \/>\n<link rel=\"canonical\" href=\"https:\/\/tuanminhdecor.com\/?product=quan-bar-200m2-sai-gon\" \/>\n<meta property=\"og:locale\" content=\"vi_VN\" \/>\n<meta property=\"og:type\" content=\"article\" \/>\n<meta property=\"og:title\" content=\"Qu\u00e1n bar 200m2 - S\u00e0i G\u00f2n - TU\u1ea4N MINH DECOR\" \/>\n<meta property=\"og:url\" content=\"https:\/\/tuanminhdecor.com\/?product=quan-bar-200m2-sai-gon\" \/>\n<meta property=\"og:site_name\" content=\"TU\u1ea4N MINH DECOR\" \/>\n<meta property=\"article:modified_time\" content=\"2022-09-20T08:55:59+00:00\" \/>\n<meta property=\"og:image\" content=\"https:\/\/tuanminhdecor.com\/wp-content\/uploads\/2022\/09\/file-Lu_Scene-2.effectsResult_result-scaled.jpg\" \/>\n\t<meta property=\"og:image:width\" content=\"2560\" \/>\n\t<meta property=\"og:image:height\" content=\"1440\" \/>\n\t<meta property=\"og:image:type\" content=\"image\/jpeg\" \/>\n<meta name=\"twitter:card\" content=\"summary_large_image\" \/>\n<meta name=\"twitter:label1\" content=\"\u01af\u1edbc t\u00ednh th\u1eddi gian \u0111\u1ecdc\" \/>\n\t<meta name=\"twitter:data1\" content=\"3 ph\u00fat\" \/>\n<script type=\"application\/ld+json\" class=\"yoast-schema-graph\">{\"@context\":\"https:\/\/schema.org\",\"@graph\":[{\"@type\":\"WebPage\",\"@id\":\"https:\/\/tuanminhdecor.com\/?product=quan-bar-200m2-sai-gon\",\"url\":\"https:\/\/tuanminhdecor.com\/?product=quan-bar-200m2-sai-gon\",\"name\":\"Qu\u00e1n bar 200m2 - S\u00e0i G\u00f2n - TU\u1ea4N MINH DECOR\",\"isPartOf\":{\"@id\":\"https:\/\/tuanminhdecor.com\/#website\"},\"datePublished\":\"2022-09-14T04:44:11+00:00\",\"dateModified\":\"2022-09-20T08:55:59+00:00\",\"breadcrumb\":{\"@id\":\"https:\/\/tuanminhdecor.com\/?product=quan-bar-200m2-sai-gon#breadcrumb\"},\"inLanguage\":\"vi\",\"potentialAction\":[{\"@type\":\"ReadAction\",\"target\":[\"https:\/\/tuanminhdecor.com\/?product=quan-bar-200m2-sai-gon\"]}]},{\"@type\":\"BreadcrumbList\",\"@id\":\"https:\/\/tuanminhdecor.com\/?product=quan-bar-200m2-sai-gon#breadcrumb\",\"itemListElement\":[{\"@type\":\"ListItem\",\"position\":1,\"name\":\"Trang ch\u1ee7\",\"item\":\"https:\/\/tuanminhdecor.com\/\"},{\"@type\":\"ListItem\",\"position\":2,\"name\":\"Shop\",\"item\":\"https:\/\/tuanminhdecor.com\/?page_id=8\"},{\"@type\":\"ListItem\",\"position\":3,\"name\":\"Qu\u00e1n bar 200m2 &#8211; S\u00e0i G\u00f2n\"}]},{\"@type\":\"WebSite\",\"@id\":\"https:\/\/tuanminhdecor.com\/#website\",\"url\":\"https:\/\/tuanminhdecor.com\/\",\"name\":\"TU\u1ea4N MINH DECOR\",\"description\":\"TU\u1ea4N MINH DECOR KI\u1ebeN T\u1ea0O C\u00d4NG TR\u00ccNH V\u01af\u1ee2T TH\u1edcI GIAN\",\"potentialAction\":[{\"@type\":\"SearchAction\",\"target\":{\"@type\":\"EntryPoint\",\"urlTemplate\":\"https:\/\/tuanminhdecor.com\/?s={search_term_string}\"},\"query-input\":\"required name=search_term_string\"}],\"inLanguage\":\"vi\"}]}<\/script>\n<!-- \/ Yoast SEO plugin. -->","yoast_head_json":{"title":"Qu\u00e1n bar 200m2 - S\u00e0i G\u00f2n - TU\u1ea4N MINH DECOR","robots":{"index":"index","follow":"follow","max-snippet":"max-snippet:-1","max-image-preview":"max-image-preview:large","max-video-preview":"max-video-preview:-1"},"canonical":"https:\/\/tuanminhdecor.com\/?product=quan-bar-200m2-sai-gon","og_locale":"vi_VN","og_type":"article","og_title":"Qu\u00e1n bar 200m2 - S\u00e0i G\u00f2n - TU\u1ea4N MINH DECOR","og_url":"https:\/\/tuanminhdecor.com\/?product=quan-bar-200m2-sai-gon","og_site_name":"TU\u1ea4N MINH DECOR","article_modified_time":"2022-09-20T08:55:59+00:00","og_image":[{"width":2560,"height":1440,"url":"https:\/\/tuanminhdecor.com\/wp-content\/uploads\/2022\/09\/file-Lu_Scene-2.effectsResult_result-scaled.jpg","type":"image\/jpeg"}],"twitter_card":"summary_large_image","twitter_misc":{"\u01af\u1edbc t\u00ednh th\u1eddi gian \u0111\u1ecdc":"3 ph\u00fat"},"schema":{"@context":"https:\/\/schema.org","@graph":[{"@type":"WebPage","@id":"https:\/\/tuanminhdecor.com\/?product=quan-bar-200m2-sai-gon","url":"https:\/\/tuanminhdecor.com\/?product=quan-bar-200m2-sai-gon","name":"Qu\u00e1n bar 200m2 - S\u00e0i G\u00f2n - TU\u1ea4N MINH DECOR","isPartOf":{"@id":"https:\/\/tuanminhdecor.com\/#website"},"datePublished":"2022-09-14T04:44:11+00:00","dateModified":"2022-09-20T08:55:59+00:00","breadcrumb":{"@id":"https:\/\/tuanminhdecor.com\/?product=quan-bar-200m2-sai-gon#breadcrumb"},"inLanguage":"vi","potentialAction":[{"@type":"ReadAction","target":["https:\/\/tuanminhdecor.com\/?product=quan-bar-200m2-sai-gon"]}]},{"@type":"BreadcrumbList","@id":"https:\/\/tuanminhdecor.com\/?product=quan-bar-200m2-sai-gon#breadcrumb","itemListElement":[{"@type":"ListItem","position":1,"name":"Trang ch\u1ee7","item":"https:\/\/tuanminhdecor.com\/"},{"@type":"ListItem","position":2,"name":"Shop","item":"https:\/\/tuanminhdecor.com\/?page_id=8"},{"@type":"ListItem","position":3,"name":"Qu\u00e1n bar 200m2 &#8211; S\u00e0i G\u00f2n"}]},{"@type":"WebSite","@id":"https:\/\/tuanminhdecor.com\/#website","url":"https:\/\/tuanminhdecor.com\/","name":"TU\u1ea4N MINH DECOR","description":"TU\u1ea4N MINH DECOR KI\u1ebeN T\u1ea0O C\u00d4NG TR\u00ccNH V\u01af\u1ee2T TH\u1edcI GIAN","potentialAction":[{"@type":"SearchAction","target":{"@type":"EntryPoint","urlTemplate":"https:\/\/tuanminhdecor.com\/?s={search_term_string}"},"query-input":"required name=search_term_string"}],"inLanguage":"vi"}]}},"_links":{"self":[{"href":"https:\/\/tuanminhdecor.com\/index.php?rest_route=\/wp\/v2\/product\/2133","targetHints":{"allow":["GET"]}}],"collection":[{"href":"https:\/\/tuanminhdecor.com\/index.php?rest_route=\/wp\/v2\/product"}],"about":[{"href":"https:\/\/tuanminhdecor.com\/index.php?rest_route=\/wp\/v2\/types\/product"}],"replies":[{"embeddable":true,"href":"https:\/\/tuanminhdecor.com\/index.php?rest_route=%2Fwp%2Fv2%2Fcomments&post=2133"}],"wp:featuredmedia":[{"embeddable":true,"href":"https:\/\/tuanminhdecor.com\/index.php?rest_route=\/wp\/v2\/media\/2287"}],"wp:attachment":[{"href":"https:\/\/tuanminhdecor.com\/index.php?rest_route=%2Fwp%2Fv2%2Fmedia&parent=2133"}],"wp:term":[{"taxonomy":"product_cat","embeddable":true,"href":"https:\/\/tuanminhdecor.com\/index.php?rest_route=%2Fwp%2Fv2%2Fproduct_cat&post=2133"},{"taxonomy":"product_tag","embeddable":true,"href":"https:\/\/tuanminhdecor.com\/index.php?rest_route=%2Fwp%2Fv2%2Fproduct_tag&post=2133"}],"curies":[{"name":"wp","href":"https:\/\/api.w.org\/{rel}","templated":true}]}}