{"id":2172,"date":"2022-09-15T02:09:24","date_gmt":"2022-09-15T02:09:24","guid":{"rendered":"https:\/\/tuanminhdecor.com\/?post_type=product&#038;p=2172"},"modified":"2022-09-15T02:09:24","modified_gmt":"2022-09-15T02:09:24","slug":"hoang-anh-computer-thai-nguyen","status":"publish","type":"product","link":"https:\/\/tuanminhdecor.com\/?product=hoang-anh-computer-thai-nguyen","title":{"rendered":"Ho\u00e0ng Anh computer &#8211; Th\u00e1i Nguy\u00ean"},"content":{"rendered":"<p><img loading=\"lazy\" decoding=\"async\" class=\"alignnone size-medium wp-image-2173\" src=\"https:\/\/tuanminhdecor.com\/wp-content\/uploads\/2022\/09\/chot-1_result-711x400.jpg\" alt=\"\" width=\"711\" height=\"400\" srcset=\"https:\/\/tuanminhdecor.com\/wp-content\/uploads\/2022\/09\/chot-1_result-711x400.jpg 711w, https:\/\/tuanminhdecor.com\/wp-content\/uploads\/2022\/09\/chot-1_result-1400x787.jpg 1400w, https:\/\/tuanminhdecor.com\/wp-content\/uploads\/2022\/09\/chot-1_result-768x432.jpg 768w, https:\/\/tuanminhdecor.com\/wp-content\/uploads\/2022\/09\/chot-1_result-1536x864.jpg 1536w, https:\/\/tuanminhdecor.com\/wp-content\/uploads\/2022\/09\/chot-1_result-2048x1152.jpg 2048w, https:\/\/tuanminhdecor.com\/wp-content\/uploads\/2022\/09\/chot-1_result-600x337.jpg 600w\" sizes=\"auto, (max-width: 711px) 100vw, 711px\" \/> <img loading=\"lazy\" decoding=\"async\" class=\"alignnone size-medium wp-image-2174\" src=\"https:\/\/tuanminhdecor.com\/wp-content\/uploads\/2022\/09\/chot-2_result-1-711x400.jpg\" alt=\"\" width=\"711\" height=\"400\" srcset=\"https:\/\/tuanminhdecor.com\/wp-content\/uploads\/2022\/09\/chot-2_result-1-711x400.jpg 711w, https:\/\/tuanminhdecor.com\/wp-content\/uploads\/2022\/09\/chot-2_result-1-1400x787.jpg 1400w, https:\/\/tuanminhdecor.com\/wp-content\/uploads\/2022\/09\/chot-2_result-1-768x432.jpg 768w, https:\/\/tuanminhdecor.com\/wp-content\/uploads\/2022\/09\/chot-2_result-1-1536x864.jpg 1536w, https:\/\/tuanminhdecor.com\/wp-content\/uploads\/2022\/09\/chot-2_result-1-2048x1152.jpg 2048w, https:\/\/tuanminhdecor.com\/wp-content\/uploads\/2022\/09\/chot-2_result-1-600x337.jpg 600w\" sizes=\"auto, (max-width: 711px) 100vw, 711px\" \/> <img loading=\"lazy\" decoding=\"async\" class=\"alignnone size-medium wp-image-2175\" src=\"https:\/\/tuanminhdecor.com\/wp-content\/uploads\/2022\/09\/chot-3_result-1-711x400.jpg\" alt=\"\" width=\"711\" height=\"400\" srcset=\"https:\/\/tuanminhdecor.com\/wp-content\/uploads\/2022\/09\/chot-3_result-1-711x400.jpg 711w, https:\/\/tuanminhdecor.com\/wp-content\/uploads\/2022\/09\/chot-3_result-1-1400x787.jpg 1400w, https:\/\/tuanminhdecor.com\/wp-content\/uploads\/2022\/09\/chot-3_result-1-768x432.jpg 768w, https:\/\/tuanminhdecor.com\/wp-content\/uploads\/2022\/09\/chot-3_result-1-1536x864.jpg 1536w, https:\/\/tuanminhdecor.com\/wp-content\/uploads\/2022\/09\/chot-3_result-1-2048x1152.jpg 2048w, https:\/\/tuanminhdecor.com\/wp-content\/uploads\/2022\/09\/chot-3_result-1-600x337.jpg 600w\" sizes=\"auto, (max-width: 711px) 100vw, 711px\" \/> <img loading=\"lazy\" decoding=\"async\" class=\"alignnone size-medium wp-image-2176\" src=\"https:\/\/tuanminhdecor.com\/wp-content\/uploads\/2022\/09\/hoang-anh-computer_Scene-1.effectsResult_result-711x400.jpg\" alt=\"\" width=\"711\" height=\"400\" srcset=\"https:\/\/tuanminhdecor.com\/wp-content\/uploads\/2022\/09\/hoang-anh-computer_Scene-1.effectsResult_result-711x400.jpg 711w, https:\/\/tuanminhdecor.com\/wp-content\/uploads\/2022\/09\/hoang-anh-computer_Scene-1.effectsResult_result-1400x787.jpg 1400w, https:\/\/tuanminhdecor.com\/wp-content\/uploads\/2022\/09\/hoang-anh-computer_Scene-1.effectsResult_result-768x432.jpg 768w, https:\/\/tuanminhdecor.com\/wp-content\/uploads\/2022\/09\/hoang-anh-computer_Scene-1.effectsResult_result-1536x864.jpg 1536w, https:\/\/tuanminhdecor.com\/wp-content\/uploads\/2022\/09\/hoang-anh-computer_Scene-1.effectsResult_result-2048x1152.jpg 2048w, https:\/\/tuanminhdecor.com\/wp-content\/uploads\/2022\/09\/hoang-anh-computer_Scene-1.effectsResult_result-600x337.jpg 600w\" sizes=\"auto, (max-width: 711px) 100vw, 711px\" \/> <img loading=\"lazy\" decoding=\"async\" class=\"alignnone size-medium wp-image-2177\" src=\"https:\/\/tuanminhdecor.com\/wp-content\/uploads\/2022\/09\/hoang-anh-computer_Scene-2.effectsResult_result-711x400.jpg\" alt=\"\" width=\"711\" height=\"400\" srcset=\"https:\/\/tuanminhdecor.com\/wp-content\/uploads\/2022\/09\/hoang-anh-computer_Scene-2.effectsResult_result-711x400.jpg 711w, https:\/\/tuanminhdecor.com\/wp-content\/uploads\/2022\/09\/hoang-anh-computer_Scene-2.effectsResult_result-1400x787.jpg 1400w, https:\/\/tuanminhdecor.com\/wp-content\/uploads\/2022\/09\/hoang-anh-computer_Scene-2.effectsResult_result-768x432.jpg 768w, https:\/\/tuanminhdecor.com\/wp-content\/uploads\/2022\/09\/hoang-anh-computer_Scene-2.effectsResult_result-1536x864.jpg 1536w, https:\/\/tuanminhdecor.com\/wp-content\/uploads\/2022\/09\/hoang-anh-computer_Scene-2.effectsResult_result-2048x1152.jpg 2048w, https:\/\/tuanminhdecor.com\/wp-content\/uploads\/2022\/09\/hoang-anh-computer_Scene-2.effectsResult_result-600x337.jpg 600w\" sizes=\"auto, (max-width: 711px) 100vw, 711px\" \/> <img loading=\"lazy\" decoding=\"async\" class=\"alignnone size-medium wp-image-2178\" src=\"https:\/\/tuanminhdecor.com\/wp-content\/uploads\/2022\/09\/hoang-anh-computer_Scene-3.effectsResult_result-711x400.jpg\" alt=\"\" width=\"711\" height=\"400\" srcset=\"https:\/\/tuanminhdecor.com\/wp-content\/uploads\/2022\/09\/hoang-anh-computer_Scene-3.effectsResult_result-711x400.jpg 711w, https:\/\/tuanminhdecor.com\/wp-content\/uploads\/2022\/09\/hoang-anh-computer_Scene-3.effectsResult_result-1400x787.jpg 1400w, https:\/\/tuanminhdecor.com\/wp-content\/uploads\/2022\/09\/hoang-anh-computer_Scene-3.effectsResult_result-768x432.jpg 768w, https:\/\/tuanminhdecor.com\/wp-content\/uploads\/2022\/09\/hoang-anh-computer_Scene-3.effectsResult_result-1536x864.jpg 1536w, https:\/\/tuanminhdecor.com\/wp-content\/uploads\/2022\/09\/hoang-anh-computer_Scene-3.effectsResult_result-2048x1152.jpg 2048w, https:\/\/tuanminhdecor.com\/wp-content\/uploads\/2022\/09\/hoang-anh-computer_Scene-3.effectsResult_result-600x337.jpg 600w\" sizes=\"auto, (max-width: 711px) 100vw, 711px\" \/> <img loading=\"lazy\" decoding=\"async\" class=\"alignnone size-medium wp-image-2179\" src=\"https:\/\/tuanminhdecor.com\/wp-content\/uploads\/2022\/09\/hoang-anh-computer_Scene-4.effectsResult_result-711x400.jpg\" alt=\"\" width=\"711\" height=\"400\" srcset=\"https:\/\/tuanminhdecor.com\/wp-content\/uploads\/2022\/09\/hoang-anh-computer_Scene-4.effectsResult_result-711x400.jpg 711w, https:\/\/tuanminhdecor.com\/wp-content\/uploads\/2022\/09\/hoang-anh-computer_Scene-4.effectsResult_result-1400x787.jpg 1400w, https:\/\/tuanminhdecor.com\/wp-content\/uploads\/2022\/09\/hoang-anh-computer_Scene-4.effectsResult_result-768x432.jpg 768w, https:\/\/tuanminhdecor.com\/wp-content\/uploads\/2022\/09\/hoang-anh-computer_Scene-4.effectsResult_result-1536x864.jpg 1536w, https:\/\/tuanminhdecor.com\/wp-content\/uploads\/2022\/09\/hoang-anh-computer_Scene-4.effectsResult_result-2048x1152.jpg 2048w, https:\/\/tuanminhdecor.com\/wp-content\/uploads\/2022\/09\/hoang-anh-computer_Scene-4.effectsResult_result-600x337.jpg 600w\" sizes=\"auto, (max-width: 711px) 100vw, 711px\" \/> <img loading=\"lazy\" decoding=\"async\" class=\"alignnone size-medium wp-image-2180\" src=\"https:\/\/tuanminhdecor.com\/wp-content\/uploads\/2022\/09\/hoang-anh-computer_Scene-5.effectsResult_result-711x400.jpg\" alt=\"\" width=\"711\" height=\"400\" srcset=\"https:\/\/tuanminhdecor.com\/wp-content\/uploads\/2022\/09\/hoang-anh-computer_Scene-5.effectsResult_result-711x400.jpg 711w, https:\/\/tuanminhdecor.com\/wp-content\/uploads\/2022\/09\/hoang-anh-computer_Scene-5.effectsResult_result-1400x787.jpg 1400w, https:\/\/tuanminhdecor.com\/wp-content\/uploads\/2022\/09\/hoang-anh-computer_Scene-5.effectsResult_result-768x432.jpg 768w, https:\/\/tuanminhdecor.com\/wp-content\/uploads\/2022\/09\/hoang-anh-computer_Scene-5.effectsResult_result-1536x864.jpg 1536w, https:\/\/tuanminhdecor.com\/wp-content\/uploads\/2022\/09\/hoang-anh-computer_Scene-5.effectsResult_result-2048x1152.jpg 2048w, https:\/\/tuanminhdecor.com\/wp-content\/uploads\/2022\/09\/hoang-anh-computer_Scene-5.effectsResult_result-600x337.jpg 600w\" sizes=\"auto, (max-width: 711px) 100vw, 711px\" \/> <img loading=\"lazy\" decoding=\"async\" class=\"alignnone size-medium wp-image-2181\" src=\"https:\/\/tuanminhdecor.com\/wp-content\/uploads\/2022\/09\/hoang-anh-computer_Scene-6.effectsResult_result-711x400.jpg\" alt=\"\" width=\"711\" height=\"400\" srcset=\"https:\/\/tuanminhdecor.com\/wp-content\/uploads\/2022\/09\/hoang-anh-computer_Scene-6.effectsResult_result-711x400.jpg 711w, https:\/\/tuanminhdecor.com\/wp-content\/uploads\/2022\/09\/hoang-anh-computer_Scene-6.effectsResult_result-1400x787.jpg 1400w, https:\/\/tuanminhdecor.com\/wp-content\/uploads\/2022\/09\/hoang-anh-computer_Scene-6.effectsResult_result-768x432.jpg 768w, https:\/\/tuanminhdecor.com\/wp-content\/uploads\/2022\/09\/hoang-anh-computer_Scene-6.effectsResult_result-1536x864.jpg 1536w, https:\/\/tuanminhdecor.com\/wp-content\/uploads\/2022\/09\/hoang-anh-computer_Scene-6.effectsResult_result-2048x1152.jpg 2048w, https:\/\/tuanminhdecor.com\/wp-content\/uploads\/2022\/09\/hoang-anh-computer_Scene-6.effectsResult_result-600x337.jpg 600w\" sizes=\"auto, (max-width: 711px) 100vw, 711px\" \/> <img loading=\"lazy\" decoding=\"async\" class=\"alignnone size-medium wp-image-2182\" src=\"https:\/\/tuanminhdecor.com\/wp-content\/uploads\/2022\/09\/view1_result-711x400.jpg\" alt=\"\" width=\"711\" height=\"400\" srcset=\"https:\/\/tuanminhdecor.com\/wp-content\/uploads\/2022\/09\/view1_result-711x400.jpg 711w, https:\/\/tuanminhdecor.com\/wp-content\/uploads\/2022\/09\/view1_result-1400x787.jpg 1400w, https:\/\/tuanminhdecor.com\/wp-content\/uploads\/2022\/09\/view1_result-768x432.jpg 768w, https:\/\/tuanminhdecor.com\/wp-content\/uploads\/2022\/09\/view1_result-1536x864.jpg 1536w, https:\/\/tuanminhdecor.com\/wp-content\/uploads\/2022\/09\/view1_result-2048x1152.jpg 2048w, https:\/\/tuanminhdecor.com\/wp-content\/uploads\/2022\/09\/view1_result-600x337.jpg 600w\" sizes=\"auto, (max-width: 711px) 100vw, 711px\" \/> <img loading=\"lazy\" decoding=\"async\" class=\"alignnone size-medium wp-image-2183\" src=\"https:\/\/tuanminhdecor.com\/wp-content\/uploads\/2022\/09\/view2_result-711x400.jpg\" alt=\"\" width=\"711\" height=\"400\" srcset=\"https:\/\/tuanminhdecor.com\/wp-content\/uploads\/2022\/09\/view2_result-711x400.jpg 711w, https:\/\/tuanminhdecor.com\/wp-content\/uploads\/2022\/09\/view2_result-1400x787.jpg 1400w, https:\/\/tuanminhdecor.com\/wp-content\/uploads\/2022\/09\/view2_result-768x432.jpg 768w, https:\/\/tuanminhdecor.com\/wp-content\/uploads\/2022\/09\/view2_result-1536x864.jpg 1536w, https:\/\/tuanminhdecor.com\/wp-content\/uploads\/2022\/09\/view2_result-2048x1152.jpg 2048w, https:\/\/tuanminhdecor.com\/wp-content\/uploads\/2022\/09\/view2_result-600x337.jpg 600w\" sizes=\"auto, (max-width: 711px) 100vw, 711px\" \/> <img loading=\"lazy\" decoding=\"async\" class=\"alignnone size-medium wp-image-2184\" src=\"https:\/\/tuanminhdecor.com\/wp-content\/uploads\/2022\/09\/view3_result-711x400.jpg\" alt=\"\" width=\"711\" height=\"400\" srcset=\"https:\/\/tuanminhdecor.com\/wp-content\/uploads\/2022\/09\/view3_result-711x400.jpg 711w, https:\/\/tuanminhdecor.com\/wp-content\/uploads\/2022\/09\/view3_result-1400x787.jpg 1400w, https:\/\/tuanminhdecor.com\/wp-content\/uploads\/2022\/09\/view3_result-768x432.jpg 768w, https:\/\/tuanminhdecor.com\/wp-content\/uploads\/2022\/09\/view3_result-1536x864.jpg 1536w, https:\/\/tuanminhdecor.com\/wp-content\/uploads\/2022\/09\/view3_result-2048x1152.jpg 2048w, https:\/\/tuanminhdecor.com\/wp-content\/uploads\/2022\/09\/view3_result-600x337.jpg 600w\" sizes=\"auto, (max-width: 711px) 100vw, 711px\" \/> <img loading=\"lazy\" decoding=\"async\" class=\"alignnone size-medium wp-image-2185\" src=\"https:\/\/tuanminhdecor.com\/wp-content\/uploads\/2022\/09\/view4_result-711x400.jpg\" alt=\"\" width=\"711\" height=\"400\" srcset=\"https:\/\/tuanminhdecor.com\/wp-content\/uploads\/2022\/09\/view4_result-711x400.jpg 711w, https:\/\/tuanminhdecor.com\/wp-content\/uploads\/2022\/09\/view4_result-1400x787.jpg 1400w, https:\/\/tuanminhdecor.com\/wp-content\/uploads\/2022\/09\/view4_result-768x432.jpg 768w, https:\/\/tuanminhdecor.com\/wp-content\/uploads\/2022\/09\/view4_result-1536x864.jpg 1536w, https:\/\/tuanminhdecor.com\/wp-content\/uploads\/2022\/09\/view4_result-2048x1152.jpg 2048w, https:\/\/tuanminhdecor.com\/wp-content\/uploads\/2022\/09\/view4_result-600x337.jpg 600w\" sizes=\"auto, (max-width: 711px) 100vw, 711px\" \/> <img loading=\"lazy\" decoding=\"async\" class=\"alignnone size-medium wp-image-2186\" src=\"https:\/\/tuanminhdecor.com\/wp-content\/uploads\/2022\/09\/view5_result-711x400.jpg\" alt=\"\" width=\"711\" height=\"400\" srcset=\"https:\/\/tuanminhdecor.com\/wp-content\/uploads\/2022\/09\/view5_result-711x400.jpg 711w, https:\/\/tuanminhdecor.com\/wp-content\/uploads\/2022\/09\/view5_result-1400x787.jpg 1400w, https:\/\/tuanminhdecor.com\/wp-content\/uploads\/2022\/09\/view5_result-768x432.jpg 768w, https:\/\/tuanminhdecor.com\/wp-content\/uploads\/2022\/09\/view5_result-1536x864.jpg 1536w, https:\/\/tuanminhdecor.com\/wp-content\/uploads\/2022\/09\/view5_result-2048x1152.jpg 2048w, https:\/\/tuanminhdecor.com\/wp-content\/uploads\/2022\/09\/view5_result-600x337.jpg 600w\" sizes=\"auto, (max-width: 711px) 100vw, 711px\" \/><\/p>\n","protected":false},"excerpt":{"rendered":"","protected":false},"featured_media":2186,"comment_status":"open","ping_status":"closed","template":"","meta":[],"product_cat":[77],"product_tag":[],"class_list":{"0":"post-2172","1":"product","2":"type-product","3":"status-publish","4":"has-post-thumbnail","6":"product_cat-thiet-ke-shop-cua-hang","8":"first","9":"instock","10":"shipping-taxable","11":"product-type-simple"},"yoast_head":"<!-- This site is optimized with the Yoast SEO plugin v19.6.1 - https:\/\/yoast.com\/wordpress\/plugins\/seo\/ -->\n<title>Ho\u00e0ng Anh computer - Th\u00e1i Nguy\u00ean - TU\u1ea4N MINH DECOR<\/title>\n<meta name=\"robots\" content=\"index, follow, max-snippet:-1, max-image-preview:large, max-video-preview:-1\" \/>\n<link rel=\"canonical\" href=\"https:\/\/tuanminhdecor.com\/?product=hoang-anh-computer-thai-nguyen\" \/>\n<meta property=\"og:locale\" content=\"vi_VN\" \/>\n<meta property=\"og:type\" content=\"article\" \/>\n<meta property=\"og:title\" content=\"Ho\u00e0ng Anh computer - Th\u00e1i Nguy\u00ean - TU\u1ea4N MINH DECOR\" \/>\n<meta property=\"og:url\" content=\"https:\/\/tuanminhdecor.com\/?product=hoang-anh-computer-thai-nguyen\" \/>\n<meta property=\"og:site_name\" content=\"TU\u1ea4N MINH DECOR\" \/>\n<meta property=\"og:image\" content=\"https:\/\/tuanminhdecor.com\/wp-content\/uploads\/2022\/09\/view5_result-scaled.jpg\" \/>\n\t<meta property=\"og:image:width\" content=\"2560\" \/>\n\t<meta property=\"og:image:height\" content=\"1440\" \/>\n\t<meta property=\"og:image:type\" content=\"image\/jpeg\" \/>\n<meta name=\"twitter:card\" content=\"summary_large_image\" \/>\n<meta name=\"twitter:label1\" content=\"\u01af\u1edbc t\u00ednh th\u1eddi gian \u0111\u1ecdc\" \/>\n\t<meta name=\"twitter:data1\" content=\"3 ph\u00fat\" \/>\n<script type=\"application\/ld+json\" class=\"yoast-schema-graph\">{\"@context\":\"https:\/\/schema.org\",\"@graph\":[{\"@type\":\"WebPage\",\"@id\":\"https:\/\/tuanminhdecor.com\/?product=hoang-anh-computer-thai-nguyen\",\"url\":\"https:\/\/tuanminhdecor.com\/?product=hoang-anh-computer-thai-nguyen\",\"name\":\"Ho\u00e0ng Anh computer - Th\u00e1i Nguy\u00ean - TU\u1ea4N MINH DECOR\",\"isPartOf\":{\"@id\":\"https:\/\/tuanminhdecor.com\/#website\"},\"datePublished\":\"2022-09-15T02:09:24+00:00\",\"dateModified\":\"2022-09-15T02:09:24+00:00\",\"breadcrumb\":{\"@id\":\"https:\/\/tuanminhdecor.com\/?product=hoang-anh-computer-thai-nguyen#breadcrumb\"},\"inLanguage\":\"vi\",\"potentialAction\":[{\"@type\":\"ReadAction\",\"target\":[\"https:\/\/tuanminhdecor.com\/?product=hoang-anh-computer-thai-nguyen\"]}]},{\"@type\":\"BreadcrumbList\",\"@id\":\"https:\/\/tuanminhdecor.com\/?product=hoang-anh-computer-thai-nguyen#breadcrumb\",\"itemListElement\":[{\"@type\":\"ListItem\",\"position\":1,\"name\":\"Trang ch\u1ee7\",\"item\":\"https:\/\/tuanminhdecor.com\/\"},{\"@type\":\"ListItem\",\"position\":2,\"name\":\"Shop\",\"item\":\"https:\/\/tuanminhdecor.com\/?page_id=8\"},{\"@type\":\"ListItem\",\"position\":3,\"name\":\"Ho\u00e0ng Anh computer &#8211; Th\u00e1i Nguy\u00ean\"}]},{\"@type\":\"WebSite\",\"@id\":\"https:\/\/tuanminhdecor.com\/#website\",\"url\":\"https:\/\/tuanminhdecor.com\/\",\"name\":\"TU\u1ea4N MINH DECOR\",\"description\":\"TU\u1ea4N MINH DECOR KI\u1ebeN T\u1ea0O C\u00d4NG TR\u00ccNH V\u01af\u1ee2T TH\u1edcI GIAN\",\"potentialAction\":[{\"@type\":\"SearchAction\",\"target\":{\"@type\":\"EntryPoint\",\"urlTemplate\":\"https:\/\/tuanminhdecor.com\/?s={search_term_string}\"},\"query-input\":\"required name=search_term_string\"}],\"inLanguage\":\"vi\"}]}<\/script>\n<!-- \/ Yoast SEO plugin. -->","yoast_head_json":{"title":"Ho\u00e0ng Anh computer - Th\u00e1i Nguy\u00ean - TU\u1ea4N MINH DECOR","robots":{"index":"index","follow":"follow","max-snippet":"max-snippet:-1","max-image-preview":"max-image-preview:large","max-video-preview":"max-video-preview:-1"},"canonical":"https:\/\/tuanminhdecor.com\/?product=hoang-anh-computer-thai-nguyen","og_locale":"vi_VN","og_type":"article","og_title":"Ho\u00e0ng Anh computer - Th\u00e1i Nguy\u00ean - TU\u1ea4N MINH DECOR","og_url":"https:\/\/tuanminhdecor.com\/?product=hoang-anh-computer-thai-nguyen","og_site_name":"TU\u1ea4N MINH DECOR","og_image":[{"width":2560,"height":1440,"url":"https:\/\/tuanminhdecor.com\/wp-content\/uploads\/2022\/09\/view5_result-scaled.jpg","type":"image\/jpeg"}],"twitter_card":"summary_large_image","twitter_misc":{"\u01af\u1edbc t\u00ednh th\u1eddi gian \u0111\u1ecdc":"3 ph\u00fat"},"schema":{"@context":"https:\/\/schema.org","@graph":[{"@type":"WebPage","@id":"https:\/\/tuanminhdecor.com\/?product=hoang-anh-computer-thai-nguyen","url":"https:\/\/tuanminhdecor.com\/?product=hoang-anh-computer-thai-nguyen","name":"Ho\u00e0ng Anh computer - Th\u00e1i Nguy\u00ean - TU\u1ea4N MINH DECOR","isPartOf":{"@id":"https:\/\/tuanminhdecor.com\/#website"},"datePublished":"2022-09-15T02:09:24+00:00","dateModified":"2022-09-15T02:09:24+00:00","breadcrumb":{"@id":"https:\/\/tuanminhdecor.com\/?product=hoang-anh-computer-thai-nguyen#breadcrumb"},"inLanguage":"vi","potentialAction":[{"@type":"ReadAction","target":["https:\/\/tuanminhdecor.com\/?product=hoang-anh-computer-thai-nguyen"]}]},{"@type":"BreadcrumbList","@id":"https:\/\/tuanminhdecor.com\/?product=hoang-anh-computer-thai-nguyen#breadcrumb","itemListElement":[{"@type":"ListItem","position":1,"name":"Trang ch\u1ee7","item":"https:\/\/tuanminhdecor.com\/"},{"@type":"ListItem","position":2,"name":"Shop","item":"https:\/\/tuanminhdecor.com\/?page_id=8"},{"@type":"ListItem","position":3,"name":"Ho\u00e0ng Anh computer &#8211; Th\u00e1i Nguy\u00ean"}]},{"@type":"WebSite","@id":"https:\/\/tuanminhdecor.com\/#website","url":"https:\/\/tuanminhdecor.com\/","name":"TU\u1ea4N MINH DECOR","description":"TU\u1ea4N MINH DECOR KI\u1ebeN T\u1ea0O C\u00d4NG TR\u00ccNH V\u01af\u1ee2T TH\u1edcI GIAN","potentialAction":[{"@type":"SearchAction","target":{"@type":"EntryPoint","urlTemplate":"https:\/\/tuanminhdecor.com\/?s={search_term_string}"},"query-input":"required name=search_term_string"}],"inLanguage":"vi"}]}},"_links":{"self":[{"href":"https:\/\/tuanminhdecor.com\/index.php?rest_route=\/wp\/v2\/product\/2172","targetHints":{"allow":["GET"]}}],"collection":[{"href":"https:\/\/tuanminhdecor.com\/index.php?rest_route=\/wp\/v2\/product"}],"about":[{"href":"https:\/\/tuanminhdecor.com\/index.php?rest_route=\/wp\/v2\/types\/product"}],"replies":[{"embeddable":true,"href":"https:\/\/tuanminhdecor.com\/index.php?rest_route=%2Fwp%2Fv2%2Fcomments&post=2172"}],"wp:featuredmedia":[{"embeddable":true,"href":"https:\/\/tuanminhdecor.com\/index.php?rest_route=\/wp\/v2\/media\/2186"}],"wp:attachment":[{"href":"https:\/\/tuanminhdecor.com\/index.php?rest_route=%2Fwp%2Fv2%2Fmedia&parent=2172"}],"wp:term":[{"taxonomy":"product_cat","embeddable":true,"href":"https:\/\/tuanminhdecor.com\/index.php?rest_route=%2Fwp%2Fv2%2Fproduct_cat&post=2172"},{"taxonomy":"product_tag","embeddable":true,"href":"https:\/\/tuanminhdecor.com\/index.php?rest_route=%2Fwp%2Fv2%2Fproduct_tag&post=2172"}],"curies":[{"name":"wp","href":"https:\/\/api.w.org\/{rel}","templated":true}]}}