{"id":2456,"date":"2022-10-03T02:04:37","date_gmt":"2022-10-03T02:04:37","guid":{"rendered":"https:\/\/tuanminhdecor.com\/?post_type=product&#038;p=2456"},"modified":"2022-10-03T02:04:38","modified_gmt":"2022-10-03T02:04:38","slug":"phong-karaoke-hoang-vu","status":"publish","type":"product","link":"https:\/\/tuanminhdecor.com\/?product=phong-karaoke-hoang-vu","title":{"rendered":"Ph\u00f2ng karaoke Ho\u00e0ng V\u0169"},"content":{"rendered":"<p><img loading=\"lazy\" decoding=\"async\" class=\"alignnone size-medium wp-image-2457\" src=\"https:\/\/tuanminhdecor.com\/wp-content\/uploads\/2022\/10\/z3751066641342_5b22e1bfd1aa972288bf2d93444adb3c_result-711x400.jpg\" alt=\"\" width=\"711\" height=\"400\" srcset=\"https:\/\/tuanminhdecor.com\/wp-content\/uploads\/2022\/10\/z3751066641342_5b22e1bfd1aa972288bf2d93444adb3c_result-711x400.jpg 711w, https:\/\/tuanminhdecor.com\/wp-content\/uploads\/2022\/10\/z3751066641342_5b22e1bfd1aa972288bf2d93444adb3c_result-1400x788.jpg 1400w, https:\/\/tuanminhdecor.com\/wp-content\/uploads\/2022\/10\/z3751066641342_5b22e1bfd1aa972288bf2d93444adb3c_result-768x432.jpg 768w, https:\/\/tuanminhdecor.com\/wp-content\/uploads\/2022\/10\/z3751066641342_5b22e1bfd1aa972288bf2d93444adb3c_result-1536x864.jpg 1536w, https:\/\/tuanminhdecor.com\/wp-content\/uploads\/2022\/10\/z3751066641342_5b22e1bfd1aa972288bf2d93444adb3c_result-2048x1152.jpg 2048w, https:\/\/tuanminhdecor.com\/wp-content\/uploads\/2022\/10\/z3751066641342_5b22e1bfd1aa972288bf2d93444adb3c_result-600x338.jpg 600w\" sizes=\"auto, (max-width: 711px) 100vw, 711px\" \/> <img loading=\"lazy\" decoding=\"async\" class=\"alignnone size-medium wp-image-2458\" src=\"https:\/\/tuanminhdecor.com\/wp-content\/uploads\/2022\/10\/z3751066788873_59e31b109137f139dbf4e292b1aceb69_result-711x400.jpg\" alt=\"\" width=\"711\" height=\"400\" srcset=\"https:\/\/tuanminhdecor.com\/wp-content\/uploads\/2022\/10\/z3751066788873_59e31b109137f139dbf4e292b1aceb69_result-711x400.jpg 711w, https:\/\/tuanminhdecor.com\/wp-content\/uploads\/2022\/10\/z3751066788873_59e31b109137f139dbf4e292b1aceb69_result-1400x788.jpg 1400w, https:\/\/tuanminhdecor.com\/wp-content\/uploads\/2022\/10\/z3751066788873_59e31b109137f139dbf4e292b1aceb69_result-768x432.jpg 768w, https:\/\/tuanminhdecor.com\/wp-content\/uploads\/2022\/10\/z3751066788873_59e31b109137f139dbf4e292b1aceb69_result-1536x864.jpg 1536w, https:\/\/tuanminhdecor.com\/wp-content\/uploads\/2022\/10\/z3751066788873_59e31b109137f139dbf4e292b1aceb69_result-2048x1152.jpg 2048w, https:\/\/tuanminhdecor.com\/wp-content\/uploads\/2022\/10\/z3751066788873_59e31b109137f139dbf4e292b1aceb69_result-600x338.jpg 600w\" sizes=\"auto, (max-width: 711px) 100vw, 711px\" \/> <img loading=\"lazy\" decoding=\"async\" class=\"alignnone size-medium wp-image-2459\" src=\"https:\/\/tuanminhdecor.com\/wp-content\/uploads\/2022\/10\/z3751066841078_e2e0076c6d6c023263e89e0a69c61f3d_result-711x400.jpg\" alt=\"\" width=\"711\" height=\"400\" srcset=\"https:\/\/tuanminhdecor.com\/wp-content\/uploads\/2022\/10\/z3751066841078_e2e0076c6d6c023263e89e0a69c61f3d_result-711x400.jpg 711w, https:\/\/tuanminhdecor.com\/wp-content\/uploads\/2022\/10\/z3751066841078_e2e0076c6d6c023263e89e0a69c61f3d_result-1400x788.jpg 1400w, https:\/\/tuanminhdecor.com\/wp-content\/uploads\/2022\/10\/z3751066841078_e2e0076c6d6c023263e89e0a69c61f3d_result-768x432.jpg 768w, https:\/\/tuanminhdecor.com\/wp-content\/uploads\/2022\/10\/z3751066841078_e2e0076c6d6c023263e89e0a69c61f3d_result-1536x864.jpg 1536w, https:\/\/tuanminhdecor.com\/wp-content\/uploads\/2022\/10\/z3751066841078_e2e0076c6d6c023263e89e0a69c61f3d_result-2048x1152.jpg 2048w, https:\/\/tuanminhdecor.com\/wp-content\/uploads\/2022\/10\/z3751066841078_e2e0076c6d6c023263e89e0a69c61f3d_result-600x338.jpg 600w\" sizes=\"auto, (max-width: 711px) 100vw, 711px\" \/> <img loading=\"lazy\" decoding=\"async\" class=\"alignnone size-medium wp-image-2460\" src=\"https:\/\/tuanminhdecor.com\/wp-content\/uploads\/2022\/10\/z3751066854199_fd421b93e0a2869b9b8f7802692d5705_result-711x400.jpg\" alt=\"\" width=\"711\" height=\"400\" srcset=\"https:\/\/tuanminhdecor.com\/wp-content\/uploads\/2022\/10\/z3751066854199_fd421b93e0a2869b9b8f7802692d5705_result-711x400.jpg 711w, https:\/\/tuanminhdecor.com\/wp-content\/uploads\/2022\/10\/z3751066854199_fd421b93e0a2869b9b8f7802692d5705_result-1400x788.jpg 1400w, https:\/\/tuanminhdecor.com\/wp-content\/uploads\/2022\/10\/z3751066854199_fd421b93e0a2869b9b8f7802692d5705_result-768x432.jpg 768w, https:\/\/tuanminhdecor.com\/wp-content\/uploads\/2022\/10\/z3751066854199_fd421b93e0a2869b9b8f7802692d5705_result-1536x864.jpg 1536w, https:\/\/tuanminhdecor.com\/wp-content\/uploads\/2022\/10\/z3751066854199_fd421b93e0a2869b9b8f7802692d5705_result-2048x1152.jpg 2048w, https:\/\/tuanminhdecor.com\/wp-content\/uploads\/2022\/10\/z3751066854199_fd421b93e0a2869b9b8f7802692d5705_result-600x338.jpg 600w\" sizes=\"auto, (max-width: 711px) 100vw, 711px\" \/> <img loading=\"lazy\" decoding=\"async\" class=\"alignnone size-medium wp-image-2461\" src=\"https:\/\/tuanminhdecor.com\/wp-content\/uploads\/2022\/10\/z3751066984831_7a2568a022efd3e5fa452c3c2537afd4_result-711x400.jpg\" alt=\"\" width=\"711\" height=\"400\" srcset=\"https:\/\/tuanminhdecor.com\/wp-content\/uploads\/2022\/10\/z3751066984831_7a2568a022efd3e5fa452c3c2537afd4_result-711x400.jpg 711w, https:\/\/tuanminhdecor.com\/wp-content\/uploads\/2022\/10\/z3751066984831_7a2568a022efd3e5fa452c3c2537afd4_result-1400x788.jpg 1400w, https:\/\/tuanminhdecor.com\/wp-content\/uploads\/2022\/10\/z3751066984831_7a2568a022efd3e5fa452c3c2537afd4_result-768x432.jpg 768w, https:\/\/tuanminhdecor.com\/wp-content\/uploads\/2022\/10\/z3751066984831_7a2568a022efd3e5fa452c3c2537afd4_result-1536x864.jpg 1536w, https:\/\/tuanminhdecor.com\/wp-content\/uploads\/2022\/10\/z3751066984831_7a2568a022efd3e5fa452c3c2537afd4_result-2048x1152.jpg 2048w, https:\/\/tuanminhdecor.com\/wp-content\/uploads\/2022\/10\/z3751066984831_7a2568a022efd3e5fa452c3c2537afd4_result-600x338.jpg 600w\" sizes=\"auto, (max-width: 711px) 100vw, 711px\" \/> <img loading=\"lazy\" decoding=\"async\" class=\"alignnone size-medium wp-image-2462\" src=\"https:\/\/tuanminhdecor.com\/wp-content\/uploads\/2022\/10\/z3751067046783_1780ff18cf20447ff1fb26c9a7854b15_result-711x400.jpg\" alt=\"\" width=\"711\" height=\"400\" srcset=\"https:\/\/tuanminhdecor.com\/wp-content\/uploads\/2022\/10\/z3751067046783_1780ff18cf20447ff1fb26c9a7854b15_result-711x400.jpg 711w, https:\/\/tuanminhdecor.com\/wp-content\/uploads\/2022\/10\/z3751067046783_1780ff18cf20447ff1fb26c9a7854b15_result-1400x788.jpg 1400w, https:\/\/tuanminhdecor.com\/wp-content\/uploads\/2022\/10\/z3751067046783_1780ff18cf20447ff1fb26c9a7854b15_result-768x432.jpg 768w, https:\/\/tuanminhdecor.com\/wp-content\/uploads\/2022\/10\/z3751067046783_1780ff18cf20447ff1fb26c9a7854b15_result-1536x864.jpg 1536w, https:\/\/tuanminhdecor.com\/wp-content\/uploads\/2022\/10\/z3751067046783_1780ff18cf20447ff1fb26c9a7854b15_result-2048x1152.jpg 2048w, https:\/\/tuanminhdecor.com\/wp-content\/uploads\/2022\/10\/z3751067046783_1780ff18cf20447ff1fb26c9a7854b15_result-600x338.jpg 600w\" sizes=\"auto, (max-width: 711px) 100vw, 711px\" \/> <img loading=\"lazy\" decoding=\"async\" class=\"alignnone size-medium wp-image-2463\" src=\"https:\/\/tuanminhdecor.com\/wp-content\/uploads\/2022\/10\/z3751067087831_c0a94c24197a7a0364874d474d711ce1_result-711x400.jpg\" alt=\"\" width=\"711\" height=\"400\" srcset=\"https:\/\/tuanminhdecor.com\/wp-content\/uploads\/2022\/10\/z3751067087831_c0a94c24197a7a0364874d474d711ce1_result-711x400.jpg 711w, https:\/\/tuanminhdecor.com\/wp-content\/uploads\/2022\/10\/z3751067087831_c0a94c24197a7a0364874d474d711ce1_result-1400x788.jpg 1400w, https:\/\/tuanminhdecor.com\/wp-content\/uploads\/2022\/10\/z3751067087831_c0a94c24197a7a0364874d474d711ce1_result-768x432.jpg 768w, https:\/\/tuanminhdecor.com\/wp-content\/uploads\/2022\/10\/z3751067087831_c0a94c24197a7a0364874d474d711ce1_result-1536x864.jpg 1536w, https:\/\/tuanminhdecor.com\/wp-content\/uploads\/2022\/10\/z3751067087831_c0a94c24197a7a0364874d474d711ce1_result-2048x1152.jpg 2048w, https:\/\/tuanminhdecor.com\/wp-content\/uploads\/2022\/10\/z3751067087831_c0a94c24197a7a0364874d474d711ce1_result-600x338.jpg 600w\" sizes=\"auto, (max-width: 711px) 100vw, 711px\" \/> <img loading=\"lazy\" decoding=\"async\" class=\"alignnone size-medium wp-image-2464\" src=\"https:\/\/tuanminhdecor.com\/wp-content\/uploads\/2022\/10\/z3751067119852_2b755418231c798a6a1801c42a7c5f8d_result-711x400.jpg\" alt=\"\" width=\"711\" height=\"400\" srcset=\"https:\/\/tuanminhdecor.com\/wp-content\/uploads\/2022\/10\/z3751067119852_2b755418231c798a6a1801c42a7c5f8d_result-711x400.jpg 711w, https:\/\/tuanminhdecor.com\/wp-content\/uploads\/2022\/10\/z3751067119852_2b755418231c798a6a1801c42a7c5f8d_result-1400x788.jpg 1400w, https:\/\/tuanminhdecor.com\/wp-content\/uploads\/2022\/10\/z3751067119852_2b755418231c798a6a1801c42a7c5f8d_result-768x432.jpg 768w, https:\/\/tuanminhdecor.com\/wp-content\/uploads\/2022\/10\/z3751067119852_2b755418231c798a6a1801c42a7c5f8d_result-1536x864.jpg 1536w, https:\/\/tuanminhdecor.com\/wp-content\/uploads\/2022\/10\/z3751067119852_2b755418231c798a6a1801c42a7c5f8d_result-2048x1152.jpg 2048w, https:\/\/tuanminhdecor.com\/wp-content\/uploads\/2022\/10\/z3751067119852_2b755418231c798a6a1801c42a7c5f8d_result-600x338.jpg 600w\" sizes=\"auto, (max-width: 711px) 100vw, 711px\" \/> <img loading=\"lazy\" decoding=\"async\" class=\"alignnone size-medium wp-image-2465\" src=\"https:\/\/tuanminhdecor.com\/wp-content\/uploads\/2022\/10\/z3751067171343_398e8d71088c85efa45f1fc6ff7a9228_result-711x400.jpg\" alt=\"\" width=\"711\" height=\"400\" srcset=\"https:\/\/tuanminhdecor.com\/wp-content\/uploads\/2022\/10\/z3751067171343_398e8d71088c85efa45f1fc6ff7a9228_result-711x400.jpg 711w, https:\/\/tuanminhdecor.com\/wp-content\/uploads\/2022\/10\/z3751067171343_398e8d71088c85efa45f1fc6ff7a9228_result-1400x788.jpg 1400w, https:\/\/tuanminhdecor.com\/wp-content\/uploads\/2022\/10\/z3751067171343_398e8d71088c85efa45f1fc6ff7a9228_result-768x432.jpg 768w, https:\/\/tuanminhdecor.com\/wp-content\/uploads\/2022\/10\/z3751067171343_398e8d71088c85efa45f1fc6ff7a9228_result-1536x864.jpg 1536w, https:\/\/tuanminhdecor.com\/wp-content\/uploads\/2022\/10\/z3751067171343_398e8d71088c85efa45f1fc6ff7a9228_result-2048x1152.jpg 2048w, https:\/\/tuanminhdecor.com\/wp-content\/uploads\/2022\/10\/z3751067171343_398e8d71088c85efa45f1fc6ff7a9228_result-600x338.jpg 600w\" sizes=\"auto, (max-width: 711px) 100vw, 711px\" \/> <img loading=\"lazy\" decoding=\"async\" class=\"alignnone size-medium wp-image-2466\" src=\"https:\/\/tuanminhdecor.com\/wp-content\/uploads\/2022\/10\/z3751067299217_8aa85d1d32cac9ccd01e0805777d05a0_result-711x400.jpg\" alt=\"\" width=\"711\" height=\"400\" srcset=\"https:\/\/tuanminhdecor.com\/wp-content\/uploads\/2022\/10\/z3751067299217_8aa85d1d32cac9ccd01e0805777d05a0_result-711x400.jpg 711w, https:\/\/tuanminhdecor.com\/wp-content\/uploads\/2022\/10\/z3751067299217_8aa85d1d32cac9ccd01e0805777d05a0_result-1400x788.jpg 1400w, https:\/\/tuanminhdecor.com\/wp-content\/uploads\/2022\/10\/z3751067299217_8aa85d1d32cac9ccd01e0805777d05a0_result-768x432.jpg 768w, https:\/\/tuanminhdecor.com\/wp-content\/uploads\/2022\/10\/z3751067299217_8aa85d1d32cac9ccd01e0805777d05a0_result-1536x864.jpg 1536w, https:\/\/tuanminhdecor.com\/wp-content\/uploads\/2022\/10\/z3751067299217_8aa85d1d32cac9ccd01e0805777d05a0_result-2048x1152.jpg 2048w, https:\/\/tuanminhdecor.com\/wp-content\/uploads\/2022\/10\/z3751067299217_8aa85d1d32cac9ccd01e0805777d05a0_result-600x338.jpg 600w\" sizes=\"auto, (max-width: 711px) 100vw, 711px\" \/><\/p>\n","protected":false},"excerpt":{"rendered":"","protected":false},"featured_media":2464,"comment_status":"open","ping_status":"closed","template":"","meta":[],"product_cat":[75],"product_tag":[],"class_list":{"0":"post-2456","1":"product","2":"type-product","3":"status-publish","4":"has-post-thumbnail","6":"product_cat-thiet-ke-bar-pub-lounge","8":"first","9":"instock","10":"shipping-taxable","11":"product-type-simple"},"yoast_head":"<!-- This site is optimized with the Yoast SEO plugin v19.6.1 - https:\/\/yoast.com\/wordpress\/plugins\/seo\/ -->\n<title>Ph\u00f2ng karaoke Ho\u00e0ng V\u0169 - TU\u1ea4N MINH DECOR<\/title>\n<meta name=\"robots\" content=\"index, follow, max-snippet:-1, max-image-preview:large, max-video-preview:-1\" \/>\n<link rel=\"canonical\" href=\"https:\/\/tuanminhdecor.com\/?product=phong-karaoke-hoang-vu\" \/>\n<meta property=\"og:locale\" content=\"vi_VN\" \/>\n<meta property=\"og:type\" content=\"article\" \/>\n<meta property=\"og:title\" content=\"Ph\u00f2ng karaoke Ho\u00e0ng V\u0169 - TU\u1ea4N MINH DECOR\" \/>\n<meta property=\"og:url\" content=\"https:\/\/tuanminhdecor.com\/?product=phong-karaoke-hoang-vu\" \/>\n<meta property=\"og:site_name\" content=\"TU\u1ea4N MINH DECOR\" \/>\n<meta property=\"article:modified_time\" content=\"2022-10-03T02:04:38+00:00\" \/>\n<meta property=\"og:image\" content=\"https:\/\/tuanminhdecor.com\/wp-content\/uploads\/2022\/10\/z3751067119852_2b755418231c798a6a1801c42a7c5f8d_result-scaled.jpg\" \/>\n\t<meta property=\"og:image:width\" content=\"2560\" \/>\n\t<meta property=\"og:image:height\" content=\"1440\" \/>\n\t<meta property=\"og:image:type\" content=\"image\/jpeg\" \/>\n<meta name=\"twitter:card\" content=\"summary_large_image\" \/>\n<meta name=\"twitter:label1\" content=\"\u01af\u1edbc t\u00ednh th\u1eddi gian \u0111\u1ecdc\" \/>\n\t<meta name=\"twitter:data1\" content=\"2 ph\u00fat\" \/>\n<script type=\"application\/ld+json\" class=\"yoast-schema-graph\">{\"@context\":\"https:\/\/schema.org\",\"@graph\":[{\"@type\":\"WebPage\",\"@id\":\"https:\/\/tuanminhdecor.com\/?product=phong-karaoke-hoang-vu\",\"url\":\"https:\/\/tuanminhdecor.com\/?product=phong-karaoke-hoang-vu\",\"name\":\"Ph\u00f2ng karaoke Ho\u00e0ng V\u0169 - TU\u1ea4N MINH DECOR\",\"isPartOf\":{\"@id\":\"https:\/\/tuanminhdecor.com\/#website\"},\"datePublished\":\"2022-10-03T02:04:37+00:00\",\"dateModified\":\"2022-10-03T02:04:38+00:00\",\"breadcrumb\":{\"@id\":\"https:\/\/tuanminhdecor.com\/?product=phong-karaoke-hoang-vu#breadcrumb\"},\"inLanguage\":\"vi\",\"potentialAction\":[{\"@type\":\"ReadAction\",\"target\":[\"https:\/\/tuanminhdecor.com\/?product=phong-karaoke-hoang-vu\"]}]},{\"@type\":\"BreadcrumbList\",\"@id\":\"https:\/\/tuanminhdecor.com\/?product=phong-karaoke-hoang-vu#breadcrumb\",\"itemListElement\":[{\"@type\":\"ListItem\",\"position\":1,\"name\":\"Trang ch\u1ee7\",\"item\":\"https:\/\/tuanminhdecor.com\/\"},{\"@type\":\"ListItem\",\"position\":2,\"name\":\"Shop\",\"item\":\"https:\/\/tuanminhdecor.com\/?page_id=8\"},{\"@type\":\"ListItem\",\"position\":3,\"name\":\"Ph\u00f2ng karaoke Ho\u00e0ng V\u0169\"}]},{\"@type\":\"WebSite\",\"@id\":\"https:\/\/tuanminhdecor.com\/#website\",\"url\":\"https:\/\/tuanminhdecor.com\/\",\"name\":\"TU\u1ea4N MINH DECOR\",\"description\":\"TU\u1ea4N MINH DECOR KI\u1ebeN T\u1ea0O C\u00d4NG TR\u00ccNH V\u01af\u1ee2T TH\u1edcI GIAN\",\"potentialAction\":[{\"@type\":\"SearchAction\",\"target\":{\"@type\":\"EntryPoint\",\"urlTemplate\":\"https:\/\/tuanminhdecor.com\/?s={search_term_string}\"},\"query-input\":\"required name=search_term_string\"}],\"inLanguage\":\"vi\"}]}<\/script>\n<!-- \/ Yoast SEO plugin. -->","yoast_head_json":{"title":"Ph\u00f2ng karaoke Ho\u00e0ng V\u0169 - TU\u1ea4N MINH DECOR","robots":{"index":"index","follow":"follow","max-snippet":"max-snippet:-1","max-image-preview":"max-image-preview:large","max-video-preview":"max-video-preview:-1"},"canonical":"https:\/\/tuanminhdecor.com\/?product=phong-karaoke-hoang-vu","og_locale":"vi_VN","og_type":"article","og_title":"Ph\u00f2ng karaoke Ho\u00e0ng V\u0169 - TU\u1ea4N MINH DECOR","og_url":"https:\/\/tuanminhdecor.com\/?product=phong-karaoke-hoang-vu","og_site_name":"TU\u1ea4N MINH DECOR","article_modified_time":"2022-10-03T02:04:38+00:00","og_image":[{"width":2560,"height":1440,"url":"https:\/\/tuanminhdecor.com\/wp-content\/uploads\/2022\/10\/z3751067119852_2b755418231c798a6a1801c42a7c5f8d_result-scaled.jpg","type":"image\/jpeg"}],"twitter_card":"summary_large_image","twitter_misc":{"\u01af\u1edbc t\u00ednh th\u1eddi gian \u0111\u1ecdc":"2 ph\u00fat"},"schema":{"@context":"https:\/\/schema.org","@graph":[{"@type":"WebPage","@id":"https:\/\/tuanminhdecor.com\/?product=phong-karaoke-hoang-vu","url":"https:\/\/tuanminhdecor.com\/?product=phong-karaoke-hoang-vu","name":"Ph\u00f2ng karaoke Ho\u00e0ng V\u0169 - TU\u1ea4N MINH DECOR","isPartOf":{"@id":"https:\/\/tuanminhdecor.com\/#website"},"datePublished":"2022-10-03T02:04:37+00:00","dateModified":"2022-10-03T02:04:38+00:00","breadcrumb":{"@id":"https:\/\/tuanminhdecor.com\/?product=phong-karaoke-hoang-vu#breadcrumb"},"inLanguage":"vi","potentialAction":[{"@type":"ReadAction","target":["https:\/\/tuanminhdecor.com\/?product=phong-karaoke-hoang-vu"]}]},{"@type":"BreadcrumbList","@id":"https:\/\/tuanminhdecor.com\/?product=phong-karaoke-hoang-vu#breadcrumb","itemListElement":[{"@type":"ListItem","position":1,"name":"Trang ch\u1ee7","item":"https:\/\/tuanminhdecor.com\/"},{"@type":"ListItem","position":2,"name":"Shop","item":"https:\/\/tuanminhdecor.com\/?page_id=8"},{"@type":"ListItem","position":3,"name":"Ph\u00f2ng karaoke Ho\u00e0ng V\u0169"}]},{"@type":"WebSite","@id":"https:\/\/tuanminhdecor.com\/#website","url":"https:\/\/tuanminhdecor.com\/","name":"TU\u1ea4N MINH DECOR","description":"TU\u1ea4N MINH DECOR KI\u1ebeN T\u1ea0O C\u00d4NG TR\u00ccNH V\u01af\u1ee2T TH\u1edcI GIAN","potentialAction":[{"@type":"SearchAction","target":{"@type":"EntryPoint","urlTemplate":"https:\/\/tuanminhdecor.com\/?s={search_term_string}"},"query-input":"required name=search_term_string"}],"inLanguage":"vi"}]}},"_links":{"self":[{"href":"https:\/\/tuanminhdecor.com\/index.php?rest_route=\/wp\/v2\/product\/2456","targetHints":{"allow":["GET"]}}],"collection":[{"href":"https:\/\/tuanminhdecor.com\/index.php?rest_route=\/wp\/v2\/product"}],"about":[{"href":"https:\/\/tuanminhdecor.com\/index.php?rest_route=\/wp\/v2\/types\/product"}],"replies":[{"embeddable":true,"href":"https:\/\/tuanminhdecor.com\/index.php?rest_route=%2Fwp%2Fv2%2Fcomments&post=2456"}],"wp:featuredmedia":[{"embeddable":true,"href":"https:\/\/tuanminhdecor.com\/index.php?rest_route=\/wp\/v2\/media\/2464"}],"wp:attachment":[{"href":"https:\/\/tuanminhdecor.com\/index.php?rest_route=%2Fwp%2Fv2%2Fmedia&parent=2456"}],"wp:term":[{"taxonomy":"product_cat","embeddable":true,"href":"https:\/\/tuanminhdecor.com\/index.php?rest_route=%2Fwp%2Fv2%2Fproduct_cat&post=2456"},{"taxonomy":"product_tag","embeddable":true,"href":"https:\/\/tuanminhdecor.com\/index.php?rest_route=%2Fwp%2Fv2%2Fproduct_tag&post=2456"}],"curies":[{"name":"wp","href":"https:\/\/api.w.org\/{rel}","templated":true}]}}