{"id":4722,"date":"2026-02-27T17:15:11","date_gmt":"2026-02-27T17:15:11","guid":{"rendered":"https:\/\/tuanminhdecor.com\/?post_type=product&#038;p=4722"},"modified":"2026-02-27T17:15:11","modified_gmt":"2026-02-27T17:15:11","slug":"nha-em-linh-uong-bi-quang-ninh","status":"publish","type":"product","link":"https:\/\/tuanminhdecor.com\/?product=nha-em-linh-uong-bi-quang-ninh","title":{"rendered":"Nh\u00e0 em Linh &#8211; U\u00f4ng B\u00ed &#8211; Qu\u1ea3ng Ninh"},"content":{"rendered":"<p><img loading=\"lazy\" decoding=\"async\" class=\"alignnone size-medium wp-image-4723\" src=\"https:\/\/tuanminhdecor.com\/wp-content\/uploads\/2026\/02\/z7571319752654_566becb07fb6d0ab46c1a8a6d69765ed_result-632x400.jpg\" alt=\"\" width=\"632\" height=\"400\" srcset=\"https:\/\/tuanminhdecor.com\/wp-content\/uploads\/2026\/02\/z7571319752654_566becb07fb6d0ab46c1a8a6d69765ed_result-632x400.jpg 632w, https:\/\/tuanminhdecor.com\/wp-content\/uploads\/2026\/02\/z7571319752654_566becb07fb6d0ab46c1a8a6d69765ed_result-768x486.jpg 768w, https:\/\/tuanminhdecor.com\/wp-content\/uploads\/2026\/02\/z7571319752654_566becb07fb6d0ab46c1a8a6d69765ed_result-600x380.jpg 600w, https:\/\/tuanminhdecor.com\/wp-content\/uploads\/2026\/02\/z7571319752654_566becb07fb6d0ab46c1a8a6d69765ed_result.jpg 1262w\" sizes=\"auto, (max-width: 632px) 100vw, 632px\" \/> <img loading=\"lazy\" decoding=\"async\" class=\"alignnone size-medium wp-image-4724\" src=\"https:\/\/tuanminhdecor.com\/wp-content\/uploads\/2026\/02\/z7570366884816_3be98783f22c149fed0993b3d7221815_result-480x400.jpg\" alt=\"\" width=\"480\" height=\"400\" srcset=\"https:\/\/tuanminhdecor.com\/wp-content\/uploads\/2026\/02\/z7570366884816_3be98783f22c149fed0993b3d7221815_result-480x400.jpg 480w, https:\/\/tuanminhdecor.com\/wp-content\/uploads\/2026\/02\/z7570366884816_3be98783f22c149fed0993b3d7221815_result-960x800.jpg 960w, https:\/\/tuanminhdecor.com\/wp-content\/uploads\/2026\/02\/z7570366884816_3be98783f22c149fed0993b3d7221815_result-768x640.jpg 768w, https:\/\/tuanminhdecor.com\/wp-content\/uploads\/2026\/02\/z7570366884816_3be98783f22c149fed0993b3d7221815_result-1536x1280.jpg 1536w, https:\/\/tuanminhdecor.com\/wp-content\/uploads\/2026\/02\/z7570366884816_3be98783f22c149fed0993b3d7221815_result-2048x1706.jpg 2048w, https:\/\/tuanminhdecor.com\/wp-content\/uploads\/2026\/02\/z7570366884816_3be98783f22c149fed0993b3d7221815_result-600x500.jpg 600w\" sizes=\"auto, (max-width: 480px) 100vw, 480px\" \/> <img loading=\"lazy\" decoding=\"async\" class=\"alignnone size-medium wp-image-4725\" src=\"https:\/\/tuanminhdecor.com\/wp-content\/uploads\/2026\/02\/z7570366836355_eb1728a6437aca64e4c527d06a3eec21_result-480x400.jpg\" alt=\"\" width=\"480\" height=\"400\" srcset=\"https:\/\/tuanminhdecor.com\/wp-content\/uploads\/2026\/02\/z7570366836355_eb1728a6437aca64e4c527d06a3eec21_result-480x400.jpg 480w, https:\/\/tuanminhdecor.com\/wp-content\/uploads\/2026\/02\/z7570366836355_eb1728a6437aca64e4c527d06a3eec21_result-960x800.jpg 960w, https:\/\/tuanminhdecor.com\/wp-content\/uploads\/2026\/02\/z7570366836355_eb1728a6437aca64e4c527d06a3eec21_result-768x640.jpg 768w, https:\/\/tuanminhdecor.com\/wp-content\/uploads\/2026\/02\/z7570366836355_eb1728a6437aca64e4c527d06a3eec21_result-1536x1280.jpg 1536w, https:\/\/tuanminhdecor.com\/wp-content\/uploads\/2026\/02\/z7570366836355_eb1728a6437aca64e4c527d06a3eec21_result-2048x1706.jpg 2048w, https:\/\/tuanminhdecor.com\/wp-content\/uploads\/2026\/02\/z7570366836355_eb1728a6437aca64e4c527d06a3eec21_result-600x500.jpg 600w\" sizes=\"auto, (max-width: 480px) 100vw, 480px\" \/> <img loading=\"lazy\" decoding=\"async\" class=\"alignnone size-medium wp-image-4726\" src=\"https:\/\/tuanminhdecor.com\/wp-content\/uploads\/2026\/02\/z7570366836276_bd0b15e6ac51c68c4f77e9d0eda2b603_result-480x400.jpg\" alt=\"\" width=\"480\" height=\"400\" srcset=\"https:\/\/tuanminhdecor.com\/wp-content\/uploads\/2026\/02\/z7570366836276_bd0b15e6ac51c68c4f77e9d0eda2b603_result-480x400.jpg 480w, https:\/\/tuanminhdecor.com\/wp-content\/uploads\/2026\/02\/z7570366836276_bd0b15e6ac51c68c4f77e9d0eda2b603_result-960x800.jpg 960w, https:\/\/tuanminhdecor.com\/wp-content\/uploads\/2026\/02\/z7570366836276_bd0b15e6ac51c68c4f77e9d0eda2b603_result-768x640.jpg 768w, https:\/\/tuanminhdecor.com\/wp-content\/uploads\/2026\/02\/z7570366836276_bd0b15e6ac51c68c4f77e9d0eda2b603_result-1536x1280.jpg 1536w, https:\/\/tuanminhdecor.com\/wp-content\/uploads\/2026\/02\/z7570366836276_bd0b15e6ac51c68c4f77e9d0eda2b603_result-2048x1706.jpg 2048w, https:\/\/tuanminhdecor.com\/wp-content\/uploads\/2026\/02\/z7570366836276_bd0b15e6ac51c68c4f77e9d0eda2b603_result-600x500.jpg 600w\" sizes=\"auto, (max-width: 480px) 100vw, 480px\" \/> <img loading=\"lazy\" decoding=\"async\" class=\"alignnone size-medium wp-image-4727\" src=\"https:\/\/tuanminhdecor.com\/wp-content\/uploads\/2026\/02\/z7570366786610_80b92094184e44eaf67c93f395f8ef2e_result-313x400.jpg\" alt=\"\" width=\"313\" height=\"400\" srcset=\"https:\/\/tuanminhdecor.com\/wp-content\/uploads\/2026\/02\/z7570366786610_80b92094184e44eaf67c93f395f8ef2e_result-313x400.jpg 313w, https:\/\/tuanminhdecor.com\/wp-content\/uploads\/2026\/02\/z7570366786610_80b92094184e44eaf67c93f395f8ef2e_result-626x800.jpg 626w, https:\/\/tuanminhdecor.com\/wp-content\/uploads\/2026\/02\/z7570366786610_80b92094184e44eaf67c93f395f8ef2e_result-768x981.jpg 768w, https:\/\/tuanminhdecor.com\/wp-content\/uploads\/2026\/02\/z7570366786610_80b92094184e44eaf67c93f395f8ef2e_result-1202x1536.jpg 1202w, https:\/\/tuanminhdecor.com\/wp-content\/uploads\/2026\/02\/z7570366786610_80b92094184e44eaf67c93f395f8ef2e_result-1603x2048.jpg 1603w, https:\/\/tuanminhdecor.com\/wp-content\/uploads\/2026\/02\/z7570366786610_80b92094184e44eaf67c93f395f8ef2e_result-600x766.jpg 600w, https:\/\/tuanminhdecor.com\/wp-content\/uploads\/2026\/02\/z7570366786610_80b92094184e44eaf67c93f395f8ef2e_result.jpg 2004w\" sizes=\"auto, (max-width: 313px) 100vw, 313px\" \/> <img loading=\"lazy\" decoding=\"async\" class=\"alignnone size-medium wp-image-4728\" src=\"https:\/\/tuanminhdecor.com\/wp-content\/uploads\/2026\/02\/z7570366736787_6d65c76ed0cd8949d3518ab86bc4664a_result-480x400.jpg\" alt=\"\" width=\"480\" height=\"400\" srcset=\"https:\/\/tuanminhdecor.com\/wp-content\/uploads\/2026\/02\/z7570366736787_6d65c76ed0cd8949d3518ab86bc4664a_result-480x400.jpg 480w, https:\/\/tuanminhdecor.com\/wp-content\/uploads\/2026\/02\/z7570366736787_6d65c76ed0cd8949d3518ab86bc4664a_result-960x800.jpg 960w, https:\/\/tuanminhdecor.com\/wp-content\/uploads\/2026\/02\/z7570366736787_6d65c76ed0cd8949d3518ab86bc4664a_result-768x640.jpg 768w, https:\/\/tuanminhdecor.com\/wp-content\/uploads\/2026\/02\/z7570366736787_6d65c76ed0cd8949d3518ab86bc4664a_result-1536x1280.jpg 1536w, https:\/\/tuanminhdecor.com\/wp-content\/uploads\/2026\/02\/z7570366736787_6d65c76ed0cd8949d3518ab86bc4664a_result-2048x1706.jpg 2048w, https:\/\/tuanminhdecor.com\/wp-content\/uploads\/2026\/02\/z7570366736787_6d65c76ed0cd8949d3518ab86bc4664a_result-600x500.jpg 600w\" sizes=\"auto, (max-width: 480px) 100vw, 480px\" \/><\/p>\n","protected":false},"excerpt":{"rendered":"","protected":false},"featured_media":4726,"comment_status":"open","ping_status":"closed","template":"","meta":[],"product_cat":[72],"product_tag":[],"class_list":{"0":"post-4722","1":"product","2":"type-product","3":"status-publish","4":"has-post-thumbnail","6":"product_cat-thiet-ke-nha-pho-biet-thu","8":"first","9":"instock","10":"shipping-taxable","11":"product-type-simple"},"yoast_head":"<!-- This site is optimized with the Yoast SEO plugin v19.6.1 - https:\/\/yoast.com\/wordpress\/plugins\/seo\/ -->\n<title>Nh\u00e0 em Linh - U\u00f4ng B\u00ed - Qu\u1ea3ng Ninh - TU\u1ea4N MINH DECOR<\/title>\n<meta name=\"robots\" content=\"index, follow, max-snippet:-1, max-image-preview:large, max-video-preview:-1\" \/>\n<link rel=\"canonical\" href=\"https:\/\/tuanminhdecor.com\/?product=nha-em-linh-uong-bi-quang-ninh\" \/>\n<meta property=\"og:locale\" content=\"vi_VN\" \/>\n<meta property=\"og:type\" content=\"article\" \/>\n<meta property=\"og:title\" content=\"Nh\u00e0 em Linh - U\u00f4ng B\u00ed - Qu\u1ea3ng Ninh - TU\u1ea4N MINH DECOR\" \/>\n<meta property=\"og:url\" content=\"https:\/\/tuanminhdecor.com\/?product=nha-em-linh-uong-bi-quang-ninh\" \/>\n<meta property=\"og:site_name\" content=\"TU\u1ea4N MINH DECOR\" \/>\n<meta property=\"og:image\" content=\"https:\/\/tuanminhdecor.com\/wp-content\/uploads\/2026\/02\/z7570366836276_bd0b15e6ac51c68c4f77e9d0eda2b603_result.jpg\" \/>\n\t<meta property=\"og:image:width\" content=\"2560\" \/>\n\t<meta property=\"og:image:height\" content=\"2133\" \/>\n\t<meta property=\"og:image:type\" content=\"image\/jpeg\" \/>\n<meta name=\"twitter:card\" content=\"summary_large_image\" \/>\n<meta name=\"twitter:label1\" content=\"\u01af\u1edbc t\u00ednh th\u1eddi gian \u0111\u1ecdc\" \/>\n\t<meta name=\"twitter:data1\" content=\"2 ph\u00fat\" \/>\n<script type=\"application\/ld+json\" class=\"yoast-schema-graph\">{\"@context\":\"https:\/\/schema.org\",\"@graph\":[{\"@type\":\"WebPage\",\"@id\":\"https:\/\/tuanminhdecor.com\/?product=nha-em-linh-uong-bi-quang-ninh\",\"url\":\"https:\/\/tuanminhdecor.com\/?product=nha-em-linh-uong-bi-quang-ninh\",\"name\":\"Nh\u00e0 em Linh - U\u00f4ng B\u00ed - Qu\u1ea3ng Ninh - TU\u1ea4N MINH DECOR\",\"isPartOf\":{\"@id\":\"https:\/\/tuanminhdecor.com\/#website\"},\"datePublished\":\"2026-02-27T17:15:11+00:00\",\"dateModified\":\"2026-02-27T17:15:11+00:00\",\"breadcrumb\":{\"@id\":\"https:\/\/tuanminhdecor.com\/?product=nha-em-linh-uong-bi-quang-ninh#breadcrumb\"},\"inLanguage\":\"vi\",\"potentialAction\":[{\"@type\":\"ReadAction\",\"target\":[\"https:\/\/tuanminhdecor.com\/?product=nha-em-linh-uong-bi-quang-ninh\"]}]},{\"@type\":\"BreadcrumbList\",\"@id\":\"https:\/\/tuanminhdecor.com\/?product=nha-em-linh-uong-bi-quang-ninh#breadcrumb\",\"itemListElement\":[{\"@type\":\"ListItem\",\"position\":1,\"name\":\"Trang ch\u1ee7\",\"item\":\"https:\/\/tuanminhdecor.com\/\"},{\"@type\":\"ListItem\",\"position\":2,\"name\":\"Shop\",\"item\":\"https:\/\/tuanminhdecor.com\/?page_id=8\"},{\"@type\":\"ListItem\",\"position\":3,\"name\":\"Nh\u00e0 em Linh &#8211; U\u00f4ng B\u00ed &#8211; Qu\u1ea3ng Ninh\"}]},{\"@type\":\"WebSite\",\"@id\":\"https:\/\/tuanminhdecor.com\/#website\",\"url\":\"https:\/\/tuanminhdecor.com\/\",\"name\":\"TU\u1ea4N MINH DECOR\",\"description\":\"TU\u1ea4N MINH DECOR KI\u1ebeN T\u1ea0O C\u00d4NG TR\u00ccNH V\u01af\u1ee2T TH\u1edcI GIAN\",\"potentialAction\":[{\"@type\":\"SearchAction\",\"target\":{\"@type\":\"EntryPoint\",\"urlTemplate\":\"https:\/\/tuanminhdecor.com\/?s={search_term_string}\"},\"query-input\":\"required name=search_term_string\"}],\"inLanguage\":\"vi\"}]}<\/script>\n<!-- \/ Yoast SEO plugin. -->","yoast_head_json":{"title":"Nh\u00e0 em Linh - U\u00f4ng B\u00ed - Qu\u1ea3ng Ninh - TU\u1ea4N MINH DECOR","robots":{"index":"index","follow":"follow","max-snippet":"max-snippet:-1","max-image-preview":"max-image-preview:large","max-video-preview":"max-video-preview:-1"},"canonical":"https:\/\/tuanminhdecor.com\/?product=nha-em-linh-uong-bi-quang-ninh","og_locale":"vi_VN","og_type":"article","og_title":"Nh\u00e0 em Linh - U\u00f4ng B\u00ed - Qu\u1ea3ng Ninh - TU\u1ea4N MINH DECOR","og_url":"https:\/\/tuanminhdecor.com\/?product=nha-em-linh-uong-bi-quang-ninh","og_site_name":"TU\u1ea4N MINH DECOR","og_image":[{"width":2560,"height":2133,"url":"https:\/\/tuanminhdecor.com\/wp-content\/uploads\/2026\/02\/z7570366836276_bd0b15e6ac51c68c4f77e9d0eda2b603_result.jpg","type":"image\/jpeg"}],"twitter_card":"summary_large_image","twitter_misc":{"\u01af\u1edbc t\u00ednh th\u1eddi gian \u0111\u1ecdc":"2 ph\u00fat"},"schema":{"@context":"https:\/\/schema.org","@graph":[{"@type":"WebPage","@id":"https:\/\/tuanminhdecor.com\/?product=nha-em-linh-uong-bi-quang-ninh","url":"https:\/\/tuanminhdecor.com\/?product=nha-em-linh-uong-bi-quang-ninh","name":"Nh\u00e0 em Linh - U\u00f4ng B\u00ed - Qu\u1ea3ng Ninh - TU\u1ea4N MINH DECOR","isPartOf":{"@id":"https:\/\/tuanminhdecor.com\/#website"},"datePublished":"2026-02-27T17:15:11+00:00","dateModified":"2026-02-27T17:15:11+00:00","breadcrumb":{"@id":"https:\/\/tuanminhdecor.com\/?product=nha-em-linh-uong-bi-quang-ninh#breadcrumb"},"inLanguage":"vi","potentialAction":[{"@type":"ReadAction","target":["https:\/\/tuanminhdecor.com\/?product=nha-em-linh-uong-bi-quang-ninh"]}]},{"@type":"BreadcrumbList","@id":"https:\/\/tuanminhdecor.com\/?product=nha-em-linh-uong-bi-quang-ninh#breadcrumb","itemListElement":[{"@type":"ListItem","position":1,"name":"Trang ch\u1ee7","item":"https:\/\/tuanminhdecor.com\/"},{"@type":"ListItem","position":2,"name":"Shop","item":"https:\/\/tuanminhdecor.com\/?page_id=8"},{"@type":"ListItem","position":3,"name":"Nh\u00e0 em Linh &#8211; U\u00f4ng B\u00ed &#8211; Qu\u1ea3ng Ninh"}]},{"@type":"WebSite","@id":"https:\/\/tuanminhdecor.com\/#website","url":"https:\/\/tuanminhdecor.com\/","name":"TU\u1ea4N MINH DECOR","description":"TU\u1ea4N MINH DECOR KI\u1ebeN T\u1ea0O C\u00d4NG TR\u00ccNH V\u01af\u1ee2T TH\u1edcI GIAN","potentialAction":[{"@type":"SearchAction","target":{"@type":"EntryPoint","urlTemplate":"https:\/\/tuanminhdecor.com\/?s={search_term_string}"},"query-input":"required name=search_term_string"}],"inLanguage":"vi"}]}},"_links":{"self":[{"href":"https:\/\/tuanminhdecor.com\/index.php?rest_route=\/wp\/v2\/product\/4722","targetHints":{"allow":["GET"]}}],"collection":[{"href":"https:\/\/tuanminhdecor.com\/index.php?rest_route=\/wp\/v2\/product"}],"about":[{"href":"https:\/\/tuanminhdecor.com\/index.php?rest_route=\/wp\/v2\/types\/product"}],"replies":[{"embeddable":true,"href":"https:\/\/tuanminhdecor.com\/index.php?rest_route=%2Fwp%2Fv2%2Fcomments&post=4722"}],"wp:featuredmedia":[{"embeddable":true,"href":"https:\/\/tuanminhdecor.com\/index.php?rest_route=\/wp\/v2\/media\/4726"}],"wp:attachment":[{"href":"https:\/\/tuanminhdecor.com\/index.php?rest_route=%2Fwp%2Fv2%2Fmedia&parent=4722"}],"wp:term":[{"taxonomy":"product_cat","embeddable":true,"href":"https:\/\/tuanminhdecor.com\/index.php?rest_route=%2Fwp%2Fv2%2Fproduct_cat&post=4722"},{"taxonomy":"product_tag","embeddable":true,"href":"https:\/\/tuanminhdecor.com\/index.php?rest_route=%2Fwp%2Fv2%2Fproduct_tag&post=4722"}],"curies":[{"name":"wp","href":"https:\/\/api.w.org\/{rel}","templated":true}]}}